{"id":887,"date":"2021-02-07T01:12:42","date_gmt":"2021-02-07T00:12:42","guid":{"rendered":"https:\/\/met-pro2.pl\/?page_id=887"},"modified":"2026-04-14T20:35:44","modified_gmt":"2026-04-14T18:35:44","slug":"toczenie","status":"publish","type":"page","link":"https:\/\/met-pro2.pl\/pl\/toczenie\/","title":{"rendered":"Toczenie"},"content":{"rendered":"\t\t<div data-elementor-type=\"wp-page\" data-elementor-id=\"887\" class=\"elementor elementor-887\" data-elementor-settings=\"[]\">\n\t\t\t\t\t\t\t<div class=\"elementor-section-wrap\">\n\t\t\t\t\t\t\t<section class=\"elementor-section elementor-top-section elementor-element elementor-element-11ff4fd elementor-section-height-min-height elementor-section-items-top elementor-section-boxed elementor-section-height-default\" data-id=\"11ff4fd\" data-element_type=\"section\" data-settings=\"{&quot;shape_divider_bottom&quot;:&quot;triangle-asymmetrical&quot;,&quot;shape_divider_bottom_negative&quot;:&quot;yes&quot;}\">\n\t\t\t\t\t<div class=\"elementor-shape elementor-shape-bottom\" data-negative=\"true\">\n\t\t\t<svg xmlns=\"http:\/\/www.w3.org\/2000\/svg\" viewBox=\"0 0 1000 100\" preserveAspectRatio=\"none\">\n\t<path class=\"elementor-shape-fill\" d=\"M737.9,94.7L0,0v100h1000V0L737.9,94.7z\"\/>\n<\/svg>\t\t<\/div>\n\t\t\t\t\t<div class=\"elementor-container elementor-column-gap-default\">\n\t\t\t\t\t<div class=\"elementor-column elementor-col-100 elementor-top-column elementor-element elementor-element-0b120f6\" data-id=\"0b120f6\" data-element_type=\"column\">\n\t\t\t<div class=\"elementor-widget-wrap elementor-element-populated\">\n\t\t\t\t\t\t\t\t<div class=\"elementor-element elementor-element-ad8c804 elementor-widget elementor-widget-spacer\" data-id=\"ad8c804\" data-element_type=\"widget\" data-widget_type=\"spacer.default\">\n\t\t\t\t<div class=\"elementor-widget-container\">\n\t\t\t\t\t<div class=\"elementor-spacer\">\n\t\t\t<div class=\"elementor-spacer-inner\"><\/div>\n\t\t<\/div>\n\t\t\t\t<\/div>\n\t\t\t\t<\/div>\n\t\t\t\t<section class=\"elementor-section elementor-inner-section elementor-element elementor-element-31bc794 elementor-section-full_width elementor-section-content-middle elementor-section-height-default elementor-section-height-default\" data-id=\"31bc794\" data-element_type=\"section\">\n\t\t\t\t\t\t<div class=\"elementor-container elementor-column-gap-no\">\n\t\t\t\t\t<div class=\"elementor-column elementor-col-50 elementor-inner-column elementor-element elementor-element-52c1beb\" data-id=\"52c1beb\" data-element_type=\"column\">\n\t\t\t<div class=\"elementor-widget-wrap elementor-element-populated\">\n\t\t\t\t\t\t\t\t<div class=\"elementor-element elementor-element-9e97136 elementor-widget elementor-widget-heading\" data-id=\"9e97136\" data-element_type=\"widget\" data-widget_type=\"heading.default\">\n\t\t\t\t<div class=\"elementor-widget-container\">\n\t\t\t<h2 class=\"elementor-heading-title elementor-size-default\">Toczenie<\/h2>\t\t<\/div>\n\t\t\t\t<\/div>\n\t\t\t\t<div class=\"elementor-element elementor-element-50dfe96 elementor-widget elementor-widget-text-editor\" data-id=\"50dfe96\" data-element_type=\"widget\" data-widget_type=\"text-editor.default\">\n\t\t\t\t<div class=\"elementor-widget-container\">\n\t\t\t\t\t\t\t\t<ul><li><strong>Tsugami B0 326E-III<\/strong> &#8211; precyzyjna tokarka typu szwajcarskiego stworzona do produkcji seryjnej<ul><li>Dwa wrzeciona oraz mo\u017cliwo\u015b\u0107 jednoczesnej obr\u00f3bki znacz\u0105co skracaj\u0105 czas cyklu<\/li><li>Maksymalna \u015brednica obrabianego detalu: \u00d8 8 &#8211; 32 mm<\/li><li>Obs\u0142uga narz\u0119dzi nap\u0119dzanych oraz obr\u00f3bka w osi Y \u2013 realizacja z\u0142o\u017conych detali w jednym zamocowaniu<\/li><li>Podajnik pr\u0119ta (do 3 m) zapewnia ci\u0105g\u0142o\u015b\u0107 i automatyzacj\u0119 produkcji<\/li><li>Wysoka dok\u0142adno\u015b\u0107 i powtarzalno\u015b\u0107 \u2013 idealna do produkcji ma\u0142ych, precyzyjnych element\u00f3w<\/li><\/ul><\/li><li><strong>GILDEMAISTER TWIN 65<\/strong><ul><li><strong>Dwa wrzeciona<\/strong> oraz\u00a0<strong>dwie g\u0142owice<\/strong> znacz\u0105co skracaj\u0105 czas obr\u00f3bki oraz daj\u0105 mo\u017cliwo\u015b\u0107 automatyzacji procesu obr\u00f3bki<\/li><li>Opcja <strong>frezowania w osi Y<\/strong> umo\u017cliwia produkcj\u0119 zaawansowanych technologicznie detali<\/li><li><strong>3 metrowy podajnik pr\u0119ta<\/strong> zapewnia ci\u0105g\u0142o\u015b\u0107 produkcji<\/li><\/ul><\/li><li><strong>GILDEMAISTER CTX 400<\/strong><ul><li>Mo\u017cliwo\u015bci obr\u00f3bki:<ul><li>cz\u0119\u015bci typu tarcza: <strong><em>\u03a6<\/em>400, L=200<\/strong> [mm]<\/li><li>cz\u0119\u015bci typu wa\u0142ek:\u00a0<strong><em>\u03a6<\/em>150, <\/strong><strong>L=500 <\/strong>[mm]<\/li><\/ul><\/li><li>Charakterystyka:<ul><li><strong>bardzo sztywna konstrukcja<br \/><\/strong>(wysokie parametry obr\u00f3bki, <strong>stabilno\u015b\u0107 procesu<\/strong>)<\/li><li><strong>wysoka dok\u0142adno\u015b\u0107<br \/><\/strong>(seryjna, stabilna produkcja cz\u0119\u015bci <strong>w tolerancji<\/strong> <strong>20 <\/strong><strong>\u00b5<\/strong><strong>m<\/strong>)<\/li><li><strong>opcja nap\u0119dzanych narz\u0119dzi<br \/><\/strong>(wiercenie, gwintowanie, frezowanie w jednej operacji, <strong>skraca proces produkcji<\/strong>, natomiast <strong>brak<\/strong> konieczno\u015bci <strong>przymocowywania<\/strong> cz\u0119\u015bci obrabianych <strong>minimalizuje<\/strong> ryzyko wyst\u0105pienia <strong>b\u0142\u0119d\u00f3w po\u0142o\u017cenia<\/strong>.<\/li><li><strong>sterowanie Heidenhain<br \/><\/strong>(proste, intuicyjne programowanie)<\/li><\/ul><\/li><\/ul><\/li><\/ul>\t\t\t\t\t\t<\/div>\n\t\t\t\t<\/div>\n\t\t\t\t\t<\/div>\n\t\t<\/div>\n\t\t\t\t<div class=\"elementor-column elementor-col-50 elementor-inner-column elementor-element elementor-element-3a8eb44\" data-id=\"3a8eb44\" data-element_type=\"column\">\n\t\t\t<div class=\"elementor-widget-wrap elementor-element-populated\">\n\t\t\t\t\t\t\t\t<div class=\"elementor-element elementor-element-eed0c43 elementor--h-position-center elementor--v-position-middle elementor-arrows-position-inside elementor-pagination-position-inside elementor-widget elementor-widget-slides\" data-id=\"eed0c43\" data-element_type=\"widget\" data-settings=\"{&quot;navigation&quot;:&quot;both&quot;,&quot;autoplay&quot;:&quot;yes&quot;,&quot;pause_on_hover&quot;:&quot;yes&quot;,&quot;pause_on_interaction&quot;:&quot;yes&quot;,&quot;autoplay_speed&quot;:5000,&quot;infinite&quot;:&quot;yes&quot;,&quot;transition&quot;:&quot;slide&quot;,&quot;transition_speed&quot;:500}\" data-widget_type=\"slides.default\">\n\t\t\t\t<div class=\"elementor-widget-container\">\n\t\t\t\t\t<div class=\"elementor-swiper\">\n\t\t\t<div class=\"elementor-slides-wrapper elementor-main-swiper swiper-container\" dir=\"ltr\" data-animation=\"fadeInUp\">\n\t\t\t\t<div class=\"swiper-wrapper elementor-slides\">\n\t\t\t\t\t<div class=\"elementor-repeater-item-c745b73 swiper-slide\"><div class=\"swiper-slide-bg elementor-ken-burns elementor-ken-burns--in\"><\/div><div class=\"swiper-slide-inner\" ><div class=\"swiper-slide-contents\"><div class=\"elementor-slide-heading\">Tsugami B0 326E-III<\/div><div class=\"elementor-slide-description\">Automat wzd\u0142u\u017cny<\/div><\/div><\/div><\/div><div class=\"elementor-repeater-item-3d3aae8 swiper-slide\"><div class=\"swiper-slide-bg elementor-ken-burns elementor-ken-burns--in\"><\/div><div class=\"swiper-slide-inner\" ><div class=\"swiper-slide-contents\"><div class=\"elementor-slide-heading\">TWIN 65<\/div><\/div><\/div><\/div><div class=\"elementor-repeater-item-6628725 swiper-slide\"><div class=\"swiper-slide-bg\"><\/div><div class=\"swiper-slide-inner\" ><div class=\"swiper-slide-contents\"><div class=\"elementor-slide-heading\">CTX 400<\/div><\/div><\/div><\/div>\t\t\t\t<\/div>\n\t\t\t\t\t\t\t\t\t\t\t\t\t\t\t<div class=\"swiper-pagination\"><\/div>\n\t\t\t\t\t\t\t\t\t\t\t\t\t\t\t\t<div class=\"elementor-swiper-button elementor-swiper-button-prev\">\n\t\t\t\t\t\t\t<i class=\"eicon-chevron-left\" aria-hidden=\"true\"><\/i>\n\t\t\t\t\t\t\t<span class=\"elementor-screen-only\">Previous<\/span>\n\t\t\t\t\t\t<\/div>\n\t\t\t\t\t\t<div class=\"elementor-swiper-button elementor-swiper-button-next\">\n\t\t\t\t\t\t\t<i class=\"eicon-chevron-right\" aria-hidden=\"true\"><\/i>\n\t\t\t\t\t\t\t<span class=\"elementor-screen-only\">Next<\/span>\n\t\t\t\t\t\t<\/div>\n\t\t\t\t\t\t\t\t\t\t\t\t<\/div>\n\t\t<\/div>\n\t\t\t\t<\/div>\n\t\t\t\t<\/div>\n\t\t\t\t\t<\/div>\n\t\t<\/div>\n\t\t\t\t\t\t\t<\/div>\n\t\t<\/section>\n\t\t\t\t<div class=\"elementor-element elementor-element-a63c4d1 elementor-tablet-align-center elementor-align-center elementor-widget elementor-widget-button\" data-id=\"a63c4d1\" data-element_type=\"widget\" data-widget_type=\"button.default\">\n\t\t\t\t<div class=\"elementor-widget-container\">\n\t\t\t\t\t<div class=\"elementor-button-wrapper\">\n\t\t\t<a href=\"https:\/\/met-pro2.pl\/kontakt\/\" class=\"elementor-button-link elementor-button elementor-size-md elementor-animation-rotate\" role=\"button\">\n\t\t\t\t\t\t<span class=\"elementor-button-content-wrapper\">\n\t\t\t\t\t\t<span class=\"elementor-button-text\">Z\u0142\u00f3\u017c nam ofert\u0119<\/span>\n\t\t<\/span>\n\t\t\t\t\t<\/a>\n\t\t<\/div>\n\t\t\t\t<\/div>\n\t\t\t\t<\/div>\n\t\t\t\t<div class=\"elementor-element elementor-element-34c7dd7 elementor-widget elementor-widget-spacer\" data-id=\"34c7dd7\" data-element_type=\"widget\" data-widget_type=\"spacer.default\">\n\t\t\t\t<div class=\"elementor-widget-container\">\n\t\t\t\t\t<div class=\"elementor-spacer\">\n\t\t\t<div class=\"elementor-spacer-inner\"><\/div>\n\t\t<\/div>\n\t\t\t\t<\/div>\n\t\t\t\t<\/div>\n\t\t\t\t\t<\/div>\n\t\t<\/div>\n\t\t\t\t\t\t\t<\/div>\n\t\t<\/section>\n\t\t\t\t\t\t<\/div>\n\t\t\t\t\t<\/div>\n\t\t","protected":false},"excerpt":{"rendered":"<p>Toczenie Tsugami B0 326E-III &#8211; precyzyjna tokarka typu szwajcarskiego stworzona do produkcji seryjnej Dwa wrzeciona oraz mo\u017cliwo\u015b\u0107 jednoczesnej obr\u00f3bki znacz\u0105co skracaj\u0105 czas cyklu Maksymalna \u015brednica obrabianego detalu: \u00d8 8 &#8211; 32 mm Obs\u0142uga narz\u0119dzi nap\u0119dzanych oraz obr\u00f3bka w osi Y \u2013 realizacja z\u0142o\u017conych detali w jednym zamocowaniu Podajnik pr\u0119ta (do 3 m) zapewnia ci\u0105g\u0142o\u015b\u0107 i [&hellip;]<\/p>\n","protected":false},"author":1,"featured_media":0,"parent":0,"menu_order":0,"comment_status":"closed","ping_status":"closed","template":"","meta":[],"_links":{"self":[{"href":"https:\/\/met-pro2.pl\/pl\/wp-json\/wp\/v2\/pages\/887"}],"collection":[{"href":"https:\/\/met-pro2.pl\/pl\/wp-json\/wp\/v2\/pages"}],"about":[{"href":"https:\/\/met-pro2.pl\/pl\/wp-json\/wp\/v2\/types\/page"}],"author":[{"embeddable":true,"href":"https:\/\/met-pro2.pl\/pl\/wp-json\/wp\/v2\/users\/1"}],"replies":[{"embeddable":true,"href":"https:\/\/met-pro2.pl\/pl\/wp-json\/wp\/v2\/comments?post=887"}],"version-history":[{"count":145,"href":"https:\/\/met-pro2.pl\/pl\/wp-json\/wp\/v2\/pages\/887\/revisions"}],"predecessor-version":[{"id":2241,"href":"https:\/\/met-pro2.pl\/pl\/wp-json\/wp\/v2\/pages\/887\/revisions\/2241"}],"wp:attachment":[{"href":"https:\/\/met-pro2.pl\/pl\/wp-json\/wp\/v2\/media?parent=887"}],"curies":[{"name":"wp","href":"https:\/\/api.w.org\/{rel}","templated":true}]}}