{"id":884,"date":"2021-02-07T01:11:20","date_gmt":"2021-02-07T00:11:20","guid":{"rendered":"https:\/\/met-pro2.pl\/?page_id=884"},"modified":"2026-04-14T20:15:48","modified_gmt":"2026-04-14T18:15:48","slug":"frezowanie","status":"publish","type":"page","link":"https:\/\/met-pro2.pl\/pl\/frezowanie\/","title":{"rendered":"Frezowanie"},"content":{"rendered":"\t\t<div data-elementor-type=\"wp-page\" data-elementor-id=\"884\" class=\"elementor elementor-884\" data-elementor-settings=\"[]\">\n\t\t\t\t\t\t\t<div class=\"elementor-section-wrap\">\n\t\t\t\t\t\t\t<section class=\"elementor-section elementor-top-section elementor-element elementor-element-4cb3e83 elementor-section-height-min-height elementor-section-items-top elementor-section-boxed elementor-section-height-default\" data-id=\"4cb3e83\" data-element_type=\"section\" data-settings=\"{&quot;shape_divider_bottom&quot;:&quot;triangle-asymmetrical&quot;,&quot;shape_divider_bottom_negative&quot;:&quot;yes&quot;}\">\n\t\t\t\t\t<div class=\"elementor-shape elementor-shape-bottom\" data-negative=\"true\">\n\t\t\t<svg xmlns=\"http:\/\/www.w3.org\/2000\/svg\" viewBox=\"0 0 1000 100\" preserveAspectRatio=\"none\">\n\t<path class=\"elementor-shape-fill\" d=\"M737.9,94.7L0,0v100h1000V0L737.9,94.7z\"\/>\n<\/svg>\t\t<\/div>\n\t\t\t\t\t<div class=\"elementor-container elementor-column-gap-default\">\n\t\t\t\t\t<div class=\"elementor-column elementor-col-100 elementor-top-column elementor-element elementor-element-1f89555\" data-id=\"1f89555\" data-element_type=\"column\">\n\t\t\t<div class=\"elementor-widget-wrap elementor-element-populated\">\n\t\t\t\t\t\t\t\t<div class=\"elementor-element elementor-element-22dabee elementor-widget elementor-widget-spacer\" data-id=\"22dabee\" data-element_type=\"widget\" data-widget_type=\"spacer.default\">\n\t\t\t\t<div class=\"elementor-widget-container\">\n\t\t\t\t\t<div class=\"elementor-spacer\">\n\t\t\t<div class=\"elementor-spacer-inner\"><\/div>\n\t\t<\/div>\n\t\t\t\t<\/div>\n\t\t\t\t<\/div>\n\t\t\t\t<div class=\"elementor-element elementor-element-ca79e8b elementor-widget elementor-widget-heading\" data-id=\"ca79e8b\" data-element_type=\"widget\" data-widget_type=\"heading.default\">\n\t\t\t\t<div class=\"elementor-widget-container\">\n\t\t\t<h2 class=\"elementor-heading-title elementor-size-default\">Frezowanie<\/h2>\t\t<\/div>\n\t\t\t\t<\/div>\n\t\t\t\t<section class=\"elementor-section elementor-inner-section elementor-element elementor-element-d583bfd elementor-section-full_width elementor-section-height-default elementor-section-height-default\" data-id=\"d583bfd\" data-element_type=\"section\">\n\t\t\t\t\t\t<div class=\"elementor-container elementor-column-gap-default\">\n\t\t\t\t\t<div class=\"elementor-column elementor-col-50 elementor-inner-column elementor-element elementor-element-4576c76\" data-id=\"4576c76\" data-element_type=\"column\">\n\t\t\t<div class=\"elementor-widget-wrap elementor-element-populated\">\n\t\t\t\t\t\t\t\t<div class=\"elementor-element elementor-element-699829c elementor-widget elementor-widget-text-editor\" data-id=\"699829c\" data-element_type=\"widget\" data-widget_type=\"text-editor.default\">\n\t\t\t\t<div class=\"elementor-widget-container\">\n\t\t\t\t\t\t\t\t<ul><li><strong>DN Solutions DVF 5000 2nd Gen.<\/strong> &#8211; 5-osiowe centrum frezarskie nowej generacji do precyzyjnej obr\u00f3bki z\u0142o\u017conych detali<ul><li>Kinematyka uchylno-obrotowa (st\u00f3\u0142 typu trunnion) umo\u017cliwiaj\u0105ca obr\u00f3bk\u0119 w jednym zamocowaniu<\/li><li>Przestrze\u0144 robocza: <strong data-start=\"212\" data-end=\"246\">650 \u00d7 520 \u00d7 480 <\/strong>mm (X \u00d7 Y \u00d7 Z)<\/li><li>Moc silnika nap\u0119du wrzeciona: <strong>30 kW<\/strong> (S6 15%) \/ 18.5 kW (CONT.)<\/li><li>Wysoka dynamika i dok\u0142adno\u015b\u0107 pozycjonowania \u2013 idealne do detali wymagaj\u0105cych du\u017cej precyzji<\/li><li>Mo\u017cliwo\u015b\u0107 obr\u00f3bki 5-stronnej i <strong>symultanicznej 5-osiowej<\/strong> (skr\u00f3cenie czasu produkcji)<\/li><\/ul><\/li><li><strong>Brother SPEEDIO R650X2<\/strong> &#8211; nowoczesne dwupaletowe 4-osiowe centrum frezarskie<ul><li>Obr\u00f3bka <strong>NON STOP<\/strong> &#8211; mo\u017cliwo\u015b\u0107 zmieniania detalu na jednej stronie sto\u0142u podczas trwania obr\u00f3bki na drugiej<\/li><li>Posuw szybki na poziomie 50m\/min<\/li><li>Wymiana narz\u0119dzia od wi\u00f3ra do wi\u00f3ra w 1,4 sek<\/li><\/ul><\/li><li><strong>CINCINNATI SABRE 2000 &#8211; <\/strong>3-osiowe centrum frezarskie o <strong>du\u017cej przestrzeni obr\u00f3bczej, <\/strong><strong>z<\/strong> <strong>linia\u0142ami <\/strong>w osiach X i Y)<ul><li>Przestrze\u0144 robocza: <strong>2032<\/strong> \u00d7 <strong>762<\/strong> \u00d7 <strong>820<\/strong> mm (X \u00d7 Y \u00d7 Z)<\/li><li>Obci\u0105\u017cenie sto\u0142u \u2013 max <strong>1680<\/strong> kg<\/li><\/ul><\/li><li><strong>CINCINNATI ARROW 1000<\/strong> &#8211; 4-osiowe centrum frezarskie<ul><li>Przestrze\u0144 robocza: <b>1020 <\/b>\u00d7 <b>510 <\/b>\u00d7 <b>560 <\/b>mm (X \u00d7 Y \u00d7 Z)<\/li><\/ul><\/li><\/ul><p>Wszystkie nasze obrabiarki s\u0105 wyposa\u017cone w <strong>system mocowania LANG<\/strong>, kt\u00f3ry pozwala zdecydowanie <strong>skr\u00f3ci\u0107 czas przezbrajania<\/strong> maszyn, oraz zapewnia <strong>stabilno\u015b\u0107, powtarzalno\u015b\u0107 i precyzj\u0119 mocowania <\/strong>wykonywanych cz\u0119\u015bci.<\/p>\t\t\t\t\t\t<\/div>\n\t\t\t\t<\/div>\n\t\t\t\t<div class=\"elementor-element elementor-element-f818fb4 elementor-widget elementor-widget-image\" data-id=\"f818fb4\" data-element_type=\"widget\" data-widget_type=\"image.default\">\n\t\t\t\t<div class=\"elementor-widget-container\">\n\t\t\t\t\t\t\t\t\t\t\t\t\t\t\t<img width=\"231\" height=\"84\" src=\"https:\/\/met-pro2.pl\/wp-content\/uploads\/2021\/04\/lang.png\" class=\"attachment-medium size-medium\" alt=\"\" decoding=\"async\" loading=\"lazy\" srcset=\"https:\/\/met-pro2.pl\/wp-content\/uploads\/2021\/04\/lang.png 231w, https:\/\/met-pro2.pl\/wp-content\/uploads\/2021\/04\/lang-16x6.png 16w\" sizes=\"(max-width: 231px) 100vw, 231px\" \/>\t\t\t\t\t\t\t\t\t\t\t\t\t\t\t<\/div>\n\t\t\t\t<\/div>\n\t\t\t\t\t<\/div>\n\t\t<\/div>\n\t\t\t\t<div class=\"elementor-column elementor-col-50 elementor-inner-column elementor-element elementor-element-c46128c\" data-id=\"c46128c\" data-element_type=\"column\">\n\t\t\t<div class=\"elementor-widget-wrap elementor-element-populated\">\n\t\t\t\t\t\t\t\t<div class=\"elementor-element elementor-element-742e5c7 elementor--h-position-center elementor--v-position-middle elementor-arrows-position-inside elementor-pagination-position-inside elementor-widget elementor-widget-slides\" data-id=\"742e5c7\" data-element_type=\"widget\" data-settings=\"{&quot;navigation&quot;:&quot;both&quot;,&quot;autoplay&quot;:&quot;yes&quot;,&quot;pause_on_hover&quot;:&quot;yes&quot;,&quot;pause_on_interaction&quot;:&quot;yes&quot;,&quot;autoplay_speed&quot;:5000,&quot;infinite&quot;:&quot;yes&quot;,&quot;transition&quot;:&quot;slide&quot;,&quot;transition_speed&quot;:500}\" data-widget_type=\"slides.default\">\n\t\t\t\t<div class=\"elementor-widget-container\">\n\t\t\t\t\t<div class=\"elementor-swiper\">\n\t\t\t<div class=\"elementor-slides-wrapper elementor-main-swiper swiper-container\" dir=\"ltr\" data-animation=\"fadeInUp\">\n\t\t\t\t<div class=\"swiper-wrapper elementor-slides\">\n\t\t\t\t\t<div class=\"elementor-repeater-item-9baf480 swiper-slide\"><div class=\"swiper-slide-bg elementor-ken-burns elementor-ken-burns--in\"><\/div><div class=\"swiper-slide-inner\" ><div class=\"swiper-slide-contents\"><div class=\"elementor-slide-heading\">DN Solutions DVF 5000<\/div><div class=\"elementor-slide-description\">5-osiowe centrum obr\u00f3bcze<\/div><\/div><\/div><\/div><div class=\"elementor-repeater-item-4427ea9 swiper-slide\"><div class=\"swiper-slide-bg elementor-ken-burns elementor-ken-burns--in\"><\/div><div class=\"swiper-slide-inner\" ><div class=\"swiper-slide-contents\"><div class=\"elementor-slide-heading\">Brother<\/div><div class=\"elementor-slide-description\">SPEEDIO R650X2<\/div><\/div><\/div><\/div><div class=\"elementor-repeater-item-62be3f5 swiper-slide\"><div class=\"swiper-slide-bg elementor-ken-burns elementor-ken-burns--in\"><\/div><div class=\"swiper-slide-inner\" ><div class=\"swiper-slide-contents\"><div class=\"elementor-slide-heading\">CINCINNATI ARROW 1000<\/div><\/div><\/div><\/div><div class=\"elementor-repeater-item-e09854a swiper-slide\"><div class=\"swiper-slide-bg elementor-ken-burns elementor-ken-burns--in\"><\/div><div class=\"swiper-slide-inner\" ><div class=\"swiper-slide-contents\"><div class=\"elementor-slide-heading\">CINCINNATI SABRE 2000<\/div><\/div><\/div><\/div>\t\t\t\t<\/div>\n\t\t\t\t\t\t\t\t\t\t\t\t\t\t\t<div class=\"swiper-pagination\"><\/div>\n\t\t\t\t\t\t\t\t\t\t\t\t\t\t\t\t<div class=\"elementor-swiper-button elementor-swiper-button-prev\">\n\t\t\t\t\t\t\t<i class=\"eicon-chevron-left\" aria-hidden=\"true\"><\/i>\n\t\t\t\t\t\t\t<span class=\"elementor-screen-only\">Previous<\/span>\n\t\t\t\t\t\t<\/div>\n\t\t\t\t\t\t<div class=\"elementor-swiper-button elementor-swiper-button-next\">\n\t\t\t\t\t\t\t<i class=\"eicon-chevron-right\" aria-hidden=\"true\"><\/i>\n\t\t\t\t\t\t\t<span class=\"elementor-screen-only\">Next<\/span>\n\t\t\t\t\t\t<\/div>\n\t\t\t\t\t\t\t\t\t\t\t\t<\/div>\n\t\t<\/div>\n\t\t\t\t<\/div>\n\t\t\t\t<\/div>\n\t\t\t\t\t<\/div>\n\t\t<\/div>\n\t\t\t\t\t\t\t<\/div>\n\t\t<\/section>\n\t\t\t\t<div class=\"elementor-element elementor-element-4277f93 elementor-tablet-align-center elementor-align-center elementor-widget elementor-widget-button\" data-id=\"4277f93\" data-element_type=\"widget\" data-widget_type=\"button.default\">\n\t\t\t\t<div class=\"elementor-widget-container\">\n\t\t\t\t\t<div class=\"elementor-button-wrapper\">\n\t\t\t<a href=\"https:\/\/met-pro2.pl\/kontakt\/\" class=\"elementor-button-link elementor-button elementor-size-md elementor-animation-rotate\" role=\"button\">\n\t\t\t\t\t\t<span class=\"elementor-button-content-wrapper\">\n\t\t\t\t\t\t<span class=\"elementor-button-text\">Z\u0142\u00f3\u017c nam ofert\u0119<\/span>\n\t\t<\/span>\n\t\t\t\t\t<\/a>\n\t\t<\/div>\n\t\t\t\t<\/div>\n\t\t\t\t<\/div>\n\t\t\t\t<div class=\"elementor-element elementor-element-76a48ca elementor-widget elementor-widget-spacer\" data-id=\"76a48ca\" data-element_type=\"widget\" data-widget_type=\"spacer.default\">\n\t\t\t\t<div class=\"elementor-widget-container\">\n\t\t\t\t\t<div class=\"elementor-spacer\">\n\t\t\t<div class=\"elementor-spacer-inner\"><\/div>\n\t\t<\/div>\n\t\t\t\t<\/div>\n\t\t\t\t<\/div>\n\t\t\t\t\t<\/div>\n\t\t<\/div>\n\t\t\t\t\t\t\t<\/div>\n\t\t<\/section>\n\t\t\t\t\t\t<\/div>\n\t\t\t\t\t<\/div>\n\t\t","protected":false},"excerpt":{"rendered":"<p>Frezowanie DN Solutions DVF 5000 2nd Gen. &#8211; 5-osiowe centrum frezarskie nowej generacji do precyzyjnej obr\u00f3bki z\u0142o\u017conych detali Kinematyka uchylno-obrotowa (st\u00f3\u0142 typu trunnion) umo\u017cliwiaj\u0105ca obr\u00f3bk\u0119 w jednym zamocowaniu Przestrze\u0144 robocza: 650 \u00d7 520 \u00d7 480 mm (X \u00d7 Y \u00d7 Z) Moc silnika nap\u0119du wrzeciona: 30 kW (S6 15%) \/ 18.5 kW (CONT.) Wysoka dynamika [&hellip;]<\/p>\n","protected":false},"author":1,"featured_media":0,"parent":0,"menu_order":0,"comment_status":"closed","ping_status":"closed","template":"","meta":[],"_links":{"self":[{"href":"https:\/\/met-pro2.pl\/pl\/wp-json\/wp\/v2\/pages\/884"}],"collection":[{"href":"https:\/\/met-pro2.pl\/pl\/wp-json\/wp\/v2\/pages"}],"about":[{"href":"https:\/\/met-pro2.pl\/pl\/wp-json\/wp\/v2\/types\/page"}],"author":[{"embeddable":true,"href":"https:\/\/met-pro2.pl\/pl\/wp-json\/wp\/v2\/users\/1"}],"replies":[{"embeddable":true,"href":"https:\/\/met-pro2.pl\/pl\/wp-json\/wp\/v2\/comments?post=884"}],"version-history":[{"count":103,"href":"https:\/\/met-pro2.pl\/pl\/wp-json\/wp\/v2\/pages\/884\/revisions"}],"predecessor-version":[{"id":2223,"href":"https:\/\/met-pro2.pl\/pl\/wp-json\/wp\/v2\/pages\/884\/revisions\/2223"}],"wp:attachment":[{"href":"https:\/\/met-pro2.pl\/pl\/wp-json\/wp\/v2\/media?parent=884"}],"curies":[{"name":"wp","href":"https:\/\/api.w.org\/{rel}","templated":true}]}}