{"id":11,"date":"2021-02-04T11:15:15","date_gmt":"2021-02-04T10:15:15","guid":{"rendered":"https:\/\/met-pro2.pl\/?page_id=11"},"modified":"2021-04-01T13:08:24","modified_gmt":"2021-04-01T11:08:24","slug":"o-firmie","status":"publish","type":"page","link":"https:\/\/met-pro2.pl\/pl\/o-firmie\/","title":{"rendered":"O firmie"},"content":{"rendered":"\t\t<div data-elementor-type=\"wp-page\" data-elementor-id=\"11\" class=\"elementor elementor-11\" data-elementor-settings=\"[]\">\n\t\t\t\t\t\t\t<div class=\"elementor-section-wrap\">\n\t\t\t\t\t\t\t<section class=\"elementor-section elementor-top-section elementor-element elementor-element-0e3e462 elementor-section-height-min-height elementor-section-items-top elementor-section-boxed elementor-section-height-default\" data-id=\"0e3e462\" data-element_type=\"section\" data-settings=\"{&quot;shape_divider_bottom&quot;:&quot;triangle-asymmetrical&quot;,&quot;shape_divider_bottom_negative&quot;:&quot;yes&quot;}\">\n\t\t\t\t\t<div class=\"elementor-shape elementor-shape-bottom\" data-negative=\"true\">\n\t\t\t<svg xmlns=\"http:\/\/www.w3.org\/2000\/svg\" viewBox=\"0 0 1000 100\" preserveAspectRatio=\"none\">\n\t<path class=\"elementor-shape-fill\" d=\"M737.9,94.7L0,0v100h1000V0L737.9,94.7z\"\/>\n<\/svg>\t\t<\/div>\n\t\t\t\t\t<div class=\"elementor-container elementor-column-gap-default\">\n\t\t\t\t\t<div class=\"elementor-column elementor-col-100 elementor-top-column elementor-element elementor-element-b82c3eb\" data-id=\"b82c3eb\" data-element_type=\"column\">\n\t\t\t<div class=\"elementor-widget-wrap elementor-element-populated\">\n\t\t\t\t\t\t\t\t<section class=\"elementor-section elementor-inner-section elementor-element elementor-element-56c0969 elementor-section-full_width elementor-section-height-default elementor-section-height-default\" data-id=\"56c0969\" data-element_type=\"section\">\n\t\t\t\t\t\t<div class=\"elementor-container elementor-column-gap-default\">\n\t\t\t\t\t<div class=\"elementor-column elementor-col-50 elementor-inner-column elementor-element elementor-element-f0256e4\" data-id=\"f0256e4\" data-element_type=\"column\">\n\t\t\t<div class=\"elementor-widget-wrap elementor-element-populated\">\n\t\t\t\t\t\t\t\t<div class=\"elementor-element elementor-element-e49dec2 elementor-widget elementor-widget-text-editor\" data-id=\"e49dec2\" data-element_type=\"widget\" data-widget_type=\"text-editor.default\">\n\t\t\t\t<div class=\"elementor-widget-container\">\n\t\t\t\t\t\t\t\t<p>Firma <strong>MET-PRO 2<\/strong> jest m\u0142od\u0105, ale bardzo <strong>dynamicznie rozwijaj\u0105c\u0105 si\u0119 organizacj\u0105,<\/strong> \u015bwiadcz\u0105c\u0105 us\u0142ugi z zakresu <strong>obr\u00f3bki skrawaniem CNC<\/strong>.<\/p><p>Specjalizujemy si\u0119 w <strong>toczeniu i frezowaniu<\/strong> cz\u0119\u015bci ze <strong>stali, \u017celiwa, stali nierdzewnej, stop\u00f3w aluminium, metali kolorowych <\/strong>oraz <strong>tworzyw sztucznych<\/strong>.<\/p><p>Ponadto, w oparciu o naszych <strong>sprawdzonych kooperant\u00f3w<\/strong>, mo\u017cemy kompleksowo wykonywa\u0107 zam\u00f3wienia, kt\u00f3re wymagaj\u0105 <strong>obr\u00f3bki cieplnej, plastycznej lub powierzchniowej.<\/strong> \u00a0<\/p><p>Trzon naszej za\u0142ogi stanow\u0105 bardzo <strong>do\u015bwiadczeni fachowcy<\/strong>, o bardzo <strong>du\u017cej wiedzy<\/strong>, <strong>wieloletniej praktyce<\/strong> oraz o <strong>wysokim poziomie kultury technicznej<\/strong>. Nasi <strong>pracownicy<\/strong> to <strong>najwa\u017cniejszy i najcenniejszy kapita<\/strong>\u0142 firmy.<\/p><p><strong>MET-PRO 2<\/strong> k\u0142adzie du\u017cy nacisk na <strong>jako\u015b\u0107 \u015bwiadczonych us\u0142ug<\/strong>, t<strong>erminowo\u015b\u0107 oraz zadowolenie klient\u00f3w.<\/strong> Dlatego sukcesywnie inwestujemy w <strong>zaawansowane \u015brodki pomiarowe<\/strong>, wdra\u017camy system zapewnienia jako\u015bci <strong>ISO 9001-2015, <\/strong>stosujemy <strong>nowoczesne narz\u0119dzia obr\u00f3bkowe<\/strong> oraz precyzyjne i szybkie <strong>mocowania LANG.<\/strong><\/p><p>Park maszynowy oparty jest na bardzo udanych i sprawdzonych konstrukcjach takich marek jak <strong>GILDEMAISTER <\/strong>czy <strong>CINCINNATI Milacron<\/strong>. Podczas wyboru obrabiarek kierowali\u015bmy si\u0119 tym, aby by\u0142y to maszyny <strong>zaawansowane technicznie<\/strong> (nap\u0119dzane narz\u0119dzia w tokarkach, wieloosiowe centra obr\u00f3bcze) ale tak\u017ce <strong>mocne, sztywne oraz precyzyjne<\/strong>.<\/p><p><strong>SERDECZNIE ZAPRASZAMY DO WSP\u00d3\u0141PRACY!<\/strong><\/p>\t\t\t\t\t\t<\/div>\n\t\t\t\t<\/div>\n\t\t\t\t\t<\/div>\n\t\t<\/div>\n\t\t\t\t<div class=\"elementor-column elementor-col-50 elementor-inner-column elementor-element elementor-element-371dcf2 elementor-hidden-tablet\" data-id=\"371dcf2\" data-element_type=\"column\">\n\t\t\t<div class=\"elementor-widget-wrap elementor-element-populated\">\n\t\t\t\t\t\t\t\t<div class=\"elementor-element elementor-element-9b7e2dd elementor--h-position-center elementor--v-position-middle elementor-arrows-position-inside elementor-pagination-position-inside elementor-widget elementor-widget-slides\" data-id=\"9b7e2dd\" data-element_type=\"widget\" data-settings=\"{&quot;navigation&quot;:&quot;both&quot;,&quot;autoplay&quot;:&quot;yes&quot;,&quot;pause_on_hover&quot;:&quot;yes&quot;,&quot;pause_on_interaction&quot;:&quot;yes&quot;,&quot;autoplay_speed&quot;:5000,&quot;infinite&quot;:&quot;yes&quot;,&quot;transition&quot;:&quot;slide&quot;,&quot;transition_speed&quot;:500}\" data-widget_type=\"slides.default\">\n\t\t\t\t<div class=\"elementor-widget-container\">\n\t\t\t\t\t<div class=\"elementor-swiper\">\n\t\t\t<div class=\"elementor-slides-wrapper elementor-main-swiper swiper-container\" dir=\"ltr\" data-animation=\"fadeInUp\">\n\t\t\t\t<div class=\"swiper-wrapper elementor-slides\">\n\t\t\t\t\t<div class=\"elementor-repeater-item-a9a0091 swiper-slide\"><div class=\"swiper-slide-bg elementor-ken-burns elementor-ken-burns--out\"><\/div><div class=\"elementor-background-overlay\"><\/div><a class=\"swiper-slide-inner\" href=\"https:\/\/met-pro2.pl\/frezowanie\/\"><div class=\"swiper-slide-contents\"><div class=\"elementor-slide-heading\">Frezowanie<\/div><\/div><\/a><\/div><div class=\"elementor-repeater-item-df0ace9 swiper-slide\"><div class=\"swiper-slide-bg elementor-ken-burns elementor-ken-burns--out\"><\/div><div class=\"elementor-background-overlay\"><\/div><a class=\"swiper-slide-inner\" href=\"https:\/\/met-pro2.pl\/toczenie\/\"><div class=\"swiper-slide-contents\"><div class=\"elementor-slide-heading\">Toczenie<\/div><\/div><\/a><\/div><div class=\"elementor-repeater-item-95aaf06 swiper-slide\"><div class=\"swiper-slide-bg elementor-ken-burns elementor-ken-burns--out\"><\/div><div class=\"elementor-background-overlay\"><\/div><a class=\"swiper-slide-inner\" href=\"https:\/\/met-pro2.pl\/jakosc\/\"><div class=\"swiper-slide-contents\"><div class=\"elementor-slide-heading\">Jako\u015b\u0107<\/div><\/div><\/a><\/div>\t\t\t\t<\/div>\n\t\t\t\t\t\t\t\t\t\t\t\t\t\t\t<div class=\"swiper-pagination\"><\/div>\n\t\t\t\t\t\t\t\t\t\t\t\t\t\t\t\t<div class=\"elementor-swiper-button elementor-swiper-button-prev\">\n\t\t\t\t\t\t\t<i class=\"eicon-chevron-left\" aria-hidden=\"true\"><\/i>\n\t\t\t\t\t\t\t<span class=\"elementor-screen-only\">Previous<\/span>\n\t\t\t\t\t\t<\/div>\n\t\t\t\t\t\t<div class=\"elementor-swiper-button elementor-swiper-button-next\">\n\t\t\t\t\t\t\t<i class=\"eicon-chevron-right\" aria-hidden=\"true\"><\/i>\n\t\t\t\t\t\t\t<span class=\"elementor-screen-only\">Next<\/span>\n\t\t\t\t\t\t<\/div>\n\t\t\t\t\t\t\t\t\t\t\t\t<\/div>\n\t\t<\/div>\n\t\t\t\t<\/div>\n\t\t\t\t<\/div>\n\t\t\t\t\t<\/div>\n\t\t<\/div>\n\t\t\t\t\t\t\t<\/div>\n\t\t<\/section>\n\t\t\t\t<div class=\"elementor-element elementor-element-15d7deb elementor-tablet-align-center elementor-align-center elementor-widget elementor-widget-button\" data-id=\"15d7deb\" data-element_type=\"widget\" data-widget_type=\"button.default\">\n\t\t\t\t<div class=\"elementor-widget-container\">\n\t\t\t\t\t<div class=\"elementor-button-wrapper\">\n\t\t\t<a href=\"https:\/\/met-pro2.pl\/kontakt\/\" class=\"elementor-button-link elementor-button elementor-size-md elementor-animation-rotate\" role=\"button\">\n\t\t\t\t\t\t<span class=\"elementor-button-content-wrapper\">\n\t\t\t\t\t\t<span class=\"elementor-button-text\">Skontaktuj si\u0119 z nami<\/span>\n\t\t<\/span>\n\t\t\t\t\t<\/a>\n\t\t<\/div>\n\t\t\t\t<\/div>\n\t\t\t\t<\/div>\n\t\t\t\t<div class=\"elementor-element elementor-element-d4bb3fa elementor-widget elementor-widget-spacer\" data-id=\"d4bb3fa\" data-element_type=\"widget\" data-widget_type=\"spacer.default\">\n\t\t\t\t<div class=\"elementor-widget-container\">\n\t\t\t\t\t<div class=\"elementor-spacer\">\n\t\t\t<div class=\"elementor-spacer-inner\"><\/div>\n\t\t<\/div>\n\t\t\t\t<\/div>\n\t\t\t\t<\/div>\n\t\t\t\t\t<\/div>\n\t\t<\/div>\n\t\t\t\t\t\t\t<\/div>\n\t\t<\/section>\n\t\t\t\t<section class=\"elementor-section elementor-top-section elementor-element elementor-element-3cc013e elementor-section-boxed elementor-section-height-default elementor-section-height-default\" data-id=\"3cc013e\" data-element_type=\"section\">\n\t\t\t\t\t\t<div class=\"elementor-container elementor-column-gap-default\">\n\t\t\t\t\t\t\t\t<\/div>\n\t\t<\/section>\n\t\t\t\t\t\t<\/div>\n\t\t\t\t\t<\/div>\n\t\t","protected":false},"excerpt":{"rendered":"<p>Firma MET-PRO 2 jest m\u0142od\u0105, ale bardzo dynamicznie rozwijaj\u0105c\u0105 si\u0119 organizacj\u0105, \u015bwiadcz\u0105c\u0105 us\u0142ugi z zakresu obr\u00f3bki skrawaniem CNC. Specjalizujemy si\u0119 w toczeniu i frezowaniu cz\u0119\u015bci ze stali, \u017celiwa, stali nierdzewnej, stop\u00f3w aluminium, metali kolorowych oraz tworzyw sztucznych. Ponadto, w oparciu o naszych sprawdzonych kooperant\u00f3w, mo\u017cemy kompleksowo wykonywa\u0107 zam\u00f3wienia, kt\u00f3re wymagaj\u0105 obr\u00f3bki cieplnej, plastycznej lub powierzchniowej. [&hellip;]<\/p>\n","protected":false},"author":1,"featured_media":0,"parent":0,"menu_order":0,"comment_status":"closed","ping_status":"closed","template":"","meta":[],"_links":{"self":[{"href":"https:\/\/met-pro2.pl\/pl\/wp-json\/wp\/v2\/pages\/11"}],"collection":[{"href":"https:\/\/met-pro2.pl\/pl\/wp-json\/wp\/v2\/pages"}],"about":[{"href":"https:\/\/met-pro2.pl\/pl\/wp-json\/wp\/v2\/types\/page"}],"author":[{"embeddable":true,"href":"https:\/\/met-pro2.pl\/pl\/wp-json\/wp\/v2\/users\/1"}],"replies":[{"embeddable":true,"href":"https:\/\/met-pro2.pl\/pl\/wp-json\/wp\/v2\/comments?post=11"}],"version-history":[{"count":64,"href":"https:\/\/met-pro2.pl\/pl\/wp-json\/wp\/v2\/pages\/11\/revisions"}],"predecessor-version":[{"id":2155,"href":"https:\/\/met-pro2.pl\/pl\/wp-json\/wp\/v2\/pages\/11\/revisions\/2155"}],"wp:attachment":[{"href":"https:\/\/met-pro2.pl\/pl\/wp-json\/wp\/v2\/media?parent=11"}],"curies":[{"name":"wp","href":"https:\/\/api.w.org\/{rel}","templated":true}]}}