{"id":2143,"date":"2025-08-20T22:45:14","date_gmt":"2025-08-20T20:45:14","guid":{"rendered":"https:\/\/met-pro2.pl\/?page_id=2143"},"modified":"2026-03-25T17:02:49","modified_gmt":"2026-03-25T16:02:49","slug":"dotacje-eu","status":"publish","type":"page","link":"https:\/\/met-pro2.pl\/en\/dotacje-eu\/","title":{"rendered":"EU Grants"},"content":{"rendered":"<div data-elementor-type=\"wp-page\" data-elementor-id=\"2143\" class=\"elementor elementor-2143\" data-elementor-settings=\"[]\">\n\t\t\t\t\t\t\t<div class=\"elementor-section-wrap\">\n\t\t\t\t\t\t\t<section class=\"elementor-section elementor-top-section elementor-element elementor-element-7c494f8 elementor-section-boxed elementor-section-height-default elementor-section-height-default\" data-id=\"7c494f8\" data-element_type=\"section\">\n\t\t\t\t\t\t<div class=\"elementor-container elementor-column-gap-default\">\n\t\t\t\t\t<div class=\"elementor-column elementor-col-100 elementor-top-column elementor-element elementor-element-66c18c1\" data-id=\"66c18c1\" data-element_type=\"column\">\n\t\t\t<div class=\"elementor-widget-wrap elementor-element-populated\">\n\t\t\t\t\t\t\t\t<div class=\"elementor-element elementor-element-2a4ea06 elementor-widget elementor-widget-image\" data-id=\"2a4ea06\" data-element_type=\"widget\" data-widget_type=\"image.default\">\n\t\t\t\t<div class=\"elementor-widget-container\">\n\t\t\t\t\t\t\t\t\t\t\t\t\t\t\t\t<a href=\"https:\/\/mapadotacji.gov.pl\/projekty\/1752000\/\" target=\"_blank\">\n\t\t\t\t\t\t\t<img decoding=\"async\" src=\"https:\/\/met-pro2.pl\/wp-content\/uploads\/2026\/03\/MET-PRO-2-tablica.png\" title=\"MET PRO 2 tablica\" alt=\"MET PRO 2 tablica\" \/>\t\t\t\t\t\t\t\t<\/a>\n\t\t\t\t\t\t\t\t\t\t\t\t\t\t\t<\/div>\n\t\t\t\t<\/div>\n\t\t\t\t<div class=\"elementor-element elementor-element-91a35d7 elementor-widget elementor-widget-text-editor\" data-id=\"91a35d7\" data-element_type=\"widget\" data-widget_type=\"text-editor.default\">\n\t\t\t\t<div class=\"elementor-widget-container\">\n\t\t\t\t\t\t\t\t<p>Met-Pro 2 Karolina Kobia\u0142ka has received a grant from the European Union for the implementation of the project entitled \u201cEnhancing the competitiveness of MET-PRO 2 Karolina Kobia\u0142ka through the market introduction of a process innovation resulting from in-house R&D activities.\u201d<\/p><p>We are implementing this project to strengthen our potential and introduce innovative solutions within the company.<\/p><p>The project includes the purchase of CNC machines for machining (milling and turning technologies), as well as a coordinate measuring machine. The selected types of machines and their specifications are the result of in-house R&D activities carried out by MET-PRO 2 to improve the quality of manufactured components. As a result of the project and the investments made, a fundamentally improved production process will be implemented in the Applicant\u2019s operations.<\/p><p>The project will benefit employees involved in the development of new products, as well as those managing innovations at Met-Pro 2 Karolina Kobia\u0142ka.<\/p><p>Ultimately, the products introduced to the market will be available to both business partners and individual customers.<\/p><p>As a result of the project and the investments made, a fundamentally improved production process will be implemented in the Applicant\u2019s operations. Firstly, the speed of component production will be increased, and the amount of waste generated during milling and turning processes will be reduced. The modified process will enable higher quality and efficiency in the production of components, which will translate into greater competitiveness of the company compared to its market rivals and will contribute to increased revenues and profitability.<\/p><p>Project value: PLN 2,325,000.00 (net), \nPLN 2,859,750.00 (gross).<\/p><p>Amount of contribution from European Funds: PLN 1,397,500.00.<\/p><p>Wi\u0119cej informacji na stronie dedykowanej projektowi:\u00a0<a href=\"https:\/\/met-pro2-dotacje.pl\/\" target=\"_blank\" rel=\"noopener\" data-saferedirecturl=\"https:\/\/www.google.com\/url?q=https:\/\/met-pro2-dotacje.pl\/&amp;source=gmail&amp;ust=1774540245509000&amp;usg=AOvVaw2AR5N7yg1bx9LaLuQNK90U\">https:\/\/met-pro2-dotacje.pl\/<\/a><\/p>\t\t\t\t\t\t<\/div>\n\t\t\t\t<\/div>\n\t\t\t\t\t<\/div>\n\t\t<\/div>\n\t\t\t\t\t\t\t<\/div>\n\t\t<\/section>\n\t\t\t\t\t\t<\/div>\n\t\t\t\t\t<\/div>","protected":false},"excerpt":{"rendered":"<p>Firma Met-Pro 2 Karolina Kobia\u0142ka uzyska\u0142a dotacj\u0119 z Unii Europejskiej na realizacj\u0119 projektu pn \u201ePodniesienie konkurencyjno\u015bci firmy MET-PRO 2 Karolina Kobia\u0142ka poprzez wdro\u017cenie na rynek innowacji procesowej, b\u0119d\u0105cej wynikiem w\u0142asnych prac B+R \u201d. Projekt realizujemy, aby wzmocni\u0107 potencja\u0142 i wprowadzi\u0107 innowacyjne rozwi\u0105zania w przedsi\u0119biorstwie. W projekcie zaplanowano zakup maszyn CNC do obr\u00f3bki skrawaniem (w technologii [&hellip;]<\/p>","protected":false},"author":1,"featured_media":0,"parent":0,"menu_order":0,"comment_status":"closed","ping_status":"closed","template":"","meta":[],"_links":{"self":[{"href":"https:\/\/met-pro2.pl\/en\/wp-json\/wp\/v2\/pages\/2143"}],"collection":[{"href":"https:\/\/met-pro2.pl\/en\/wp-json\/wp\/v2\/pages"}],"about":[{"href":"https:\/\/met-pro2.pl\/en\/wp-json\/wp\/v2\/types\/page"}],"author":[{"embeddable":true,"href":"https:\/\/met-pro2.pl\/en\/wp-json\/wp\/v2\/users\/1"}],"replies":[{"embeddable":true,"href":"https:\/\/met-pro2.pl\/en\/wp-json\/wp\/v2\/comments?post=2143"}],"version-history":[{"count":19,"href":"https:\/\/met-pro2.pl\/en\/wp-json\/wp\/v2\/pages\/2143\/revisions"}],"predecessor-version":[{"id":2192,"href":"https:\/\/met-pro2.pl\/en\/wp-json\/wp\/v2\/pages\/2143\/revisions\/2192"}],"wp:attachment":[{"href":"https:\/\/met-pro2.pl\/en\/wp-json\/wp\/v2\/media?parent=2143"}],"curies":[{"name":"wp","href":"https:\/\/api.w.org\/{rel}","templated":true}]}}