{"id":1779,"date":"2021-02-12T21:56:47","date_gmt":"2021-02-12T20:56:47","guid":{"rendered":"https:\/\/met-pro2.pl\/?page_id=1779"},"modified":"2026-02-03T20:28:07","modified_gmt":"2026-02-03T19:28:07","slug":"kariera","status":"publish","type":"page","link":"https:\/\/met-pro2.pl\/en\/kariera\/","title":{"rendered":"Career"},"content":{"rendered":"<div data-elementor-type=\"wp-page\" data-elementor-id=\"1779\" class=\"elementor elementor-1779\" data-elementor-settings=\"[]\">\n\t\t\t\t\t\t\t<div class=\"elementor-section-wrap\">\n\t\t\t\t\t\t\t<section class=\"elementor-section elementor-top-section elementor-element elementor-element-b99e10a elementor-section-height-min-height elementor-section-items-top elementor-section-boxed elementor-section-height-default\" data-id=\"b99e10a\" data-element_type=\"section\" data-settings=\"{&quot;shape_divider_bottom&quot;:&quot;triangle-asymmetrical&quot;,&quot;shape_divider_bottom_negative&quot;:&quot;yes&quot;}\">\n\t\t\t\t\t<div class=\"elementor-shape elementor-shape-bottom\" data-negative=\"true\">\n\t\t\t<svg xmlns=\"http:\/\/www.w3.org\/2000\/svg\" viewbox=\"0 0 1000 100\" preserveaspectratio=\"none\">\n\t<path class=\"elementor-shape-fill\" d=\"M737.9,94.7L0,0v100h1000V0L737.9,94.7z\"\/>\n<\/svg>\t\t<\/div>\n\t\t\t\t\t<div class=\"elementor-container elementor-column-gap-default\">\n\t\t\t\t\t<div class=\"elementor-column elementor-col-100 elementor-top-column elementor-element elementor-element-395b1d2\" data-id=\"395b1d2\" data-element_type=\"column\">\n\t\t\t<div class=\"elementor-widget-wrap elementor-element-populated\">\n\t\t\t\t\t\t\t\t<div class=\"elementor-element elementor-element-8941741 elementor-widget elementor-widget-spacer\" data-id=\"8941741\" data-element_type=\"widget\" data-widget_type=\"spacer.default\">\n\t\t\t\t<div class=\"elementor-widget-container\">\n\t\t\t\t\t<div class=\"elementor-spacer\">\n\t\t\t<div class=\"elementor-spacer-inner\"><\/div>\n\t\t<\/div>\n\t\t\t\t<\/div>\n\t\t\t\t<\/div>\n\t\t\t\t<section class=\"elementor-section elementor-inner-section elementor-element elementor-element-e1728aa elementor-section-full_width elementor-section-content-middle elementor-section-height-default elementor-section-height-default\" data-id=\"e1728aa\" data-element_type=\"section\">\n\t\t\t\t\t\t<div class=\"elementor-container elementor-column-gap-no\">\n\t\t\t\t\t<div class=\"elementor-column elementor-col-50 elementor-inner-column elementor-element elementor-element-a107bd9\" data-id=\"a107bd9\" data-element_type=\"column\">\n\t\t\t<div class=\"elementor-widget-wrap elementor-element-populated\">\n\t\t\t\t\t\t\t\t<div class=\"elementor-element elementor-element-195fa4b elementor-widget elementor-widget-heading\" data-id=\"195fa4b\" data-element_type=\"widget\" data-widget_type=\"heading.default\">\n\t\t\t\t<div class=\"elementor-widget-container\">\n\t\t\t<h2 class=\"elementor-heading-title elementor-size-default\">Operator \/ operatorka obrabiarek sterowanych numerycznie CNC<\/h2>\t\t<\/div>\n\t\t\t\t<\/div>\n\t\t\t\t<div class=\"elementor-element elementor-element-7652b79 elementor-widget elementor-widget-text-editor\" data-id=\"7652b79\" data-element_type=\"widget\" data-widget_type=\"text-editor.default\">\n\t\t\t\t<div class=\"elementor-widget-container\">\n\t\t\t\t\t\t\t\t<p><strong>Tasks<\/strong><\/p><ul><li>Operating production machines such as - CNC lathes, CNC milling machines<\/li><li>Performing assigned duties in accordance with the quality standards of the plant;<\/li><li>Participating in the process of maintenance of production machines and equipment<\/li><li>Minimise product losses;<\/li><li>Optimize production processes.<\/li><\/ul><p><strong>Wymagania<\/strong><\/p><ul><li>Co najmniej 5\u2013letnie do\u015bwiadczenie w obs\u0142udze maszyn produkcyjnych, preferowane centrum frezerskie i\/lub automat tokarski<\/li><li>Znajomo\u015b\u0107 zagadnie\u0144 zwi\u0105zanych z obr\u00f3bk\u0105 skrawaniem materia\u0142\u00f3w, ze szczeg\u00f3lnym uwzgl\u0119dnieniem obr\u00f3bki stali,<\/li><li>Znajomo\u015b\u0107 podstawowych rodzaj\u00f3w materia\u0142\u00f3w, wykorzystywanych w obr\u00f3bce skrawaniem, ze szczeg\u00f3lnym uwzgl\u0119dnieniem<br \/>gatunk\u00f3w stali,<\/li><li>Znajomo\u015b\u0107 zasad BHP.<\/li><\/ul><p><strong>Pleasantly seen<\/strong><\/p><ul><li>Experience in working with production machines<\/li><li>Knowledge of quality systems;<\/li><li>Readiness to work in shifts;<\/li><li>readiness to start work immediately;<\/li><li>ability to work under time pressure<\/li><li>manual skills;<\/li><li>accuracy, diligence, high motivation<\/li><\/ul><p><strong>We offer<\/strong><\/p><ul><li>stable employment in a dynamically developing company;<\/li><li><strong><b>additional training<\/b> to work with machine tools<\/strong> do pracy przy obrabiarkach<\/li><li>full-time employment contract<\/li><li>secure and timely remuneration<\/li><li>possibility of professional advancement<\/li><\/ul><p>Zapewniamy r\u00f3wno\u015bci szans oraz brak dyskryminacji, w tym dost\u0119pno\u015bci dla os\u00f3b z niepe\u0142nosprawno\u015bciami.<\/p><p>Proces rekrutacyjny w firmie odbywa si\u0119 w spos\u00f3b, w kt\u00f3rym ocenie podlegaj\u0105 umiej\u0119tno\u015bci, kompetencje i do\u015bwiadczenie kandydat\u00f3w, eliminuj\u0105c tym samym pojawienie si\u0119 jakichkolwiek barier w zatrudnieniu zwi\u0105zanych z p\u0142ci\u0105. Polityka wynagrodzenia pracownik\u00f3w w firmie, zapewnia r\u00f3wno\u015b\u0107 p\u0142ac wszystkim pracownikom, a premie uzale\u017cnione s\u0105 od zaanga\u017cowania pracownik\u00f3w.<\/p><p>Warunki pracy s\u0105 sprawiedliwe i r\u00f3wnomierne, zar\u00f3wno dla kobiet i m\u0119\u017cczyzn, unikaj\u0105c tym samym dyskryminacji p\u0142ciowej w kwestiach wynagrodzenia, awansu zawodowego, praw cz\u0142owieka oraz podstawowych wolno\u015bci w ka\u017cdej dziedzinie aktywno\u015bci oraz innych korzy\u015bci zwi\u0105zanych z prac\u0105. Jeste\u015bmy otwarci na wszystkich kandydat\u00f3w, \u00a0posiadaj\u0105cych niezb\u0119dne, okre\u015blone w og\u0142oszeniu umiej\u0119tno\u015bci i do\u015bwiadczenie. W procesie rekrutacji a nast\u0119pnie wsp\u00f3\u0142pracy nie ma znaczenia p\u0142e\u0107, wiek, orientacja seksualna, pogl\u0105dy oraz\u00a0 niepe\u0142nosprawno\u015bci kandydat\u00f3w.<\/p><p>Przestrzegamy zasad zawartych w:<\/p><ul><li>Karcie Praw Podstawowych Unii Europejskiej;<\/li><li>Konwencji o Prawach Os\u00f3b Niepe\u0142nosprawnych.<\/li><\/ul><p class=\" translation-block\">If you are interested, please send your CV to biuro@met-pro2.pl or call 600 348 556<\/p><p>Required clause:<br \/><em>\"I consent to the processing of my personal data by Met-Pro 2 Karolina Kobia\u0142ka for the purpose of recruiting me for the position applied for.\"<\/em><\/p>\t\t\t\t\t\t<\/div>\n\t\t\t\t<\/div>\n\t\t\t\t\t<\/div>\n\t\t<\/div>\n\t\t\t\t<div class=\"elementor-column elementor-col-50 elementor-inner-column elementor-element elementor-element-679c1e1\" data-id=\"679c1e1\" data-element_type=\"column\">\n\t\t\t<div class=\"elementor-widget-wrap elementor-element-populated\">\n\t\t\t\t\t\t\t\t<div class=\"elementor-element elementor-element-f7c6810 elementor-widget elementor-widget-image\" data-id=\"f7c6810\" data-element_type=\"widget\" data-widget_type=\"image.default\">\n\t\t\t\t<div class=\"elementor-widget-container\">\n\t\t\t\t\t\t\t\t\t\t\t\t\t\t\t<img width=\"1024\" height=\"768\" src=\"https:\/\/met-pro2.pl\/wp-content\/uploads\/2021\/02\/Wybrane-16-1024x768.jpg\" class=\"attachment-large size-large\" alt=\"\" decoding=\"async\" loading=\"lazy\" srcset=\"https:\/\/met-pro2.pl\/wp-content\/uploads\/2021\/02\/Wybrane-16-1024x768.jpg 1024w, https:\/\/met-pro2.pl\/wp-content\/uploads\/2021\/02\/Wybrane-16-300x225.jpg 300w, https:\/\/met-pro2.pl\/wp-content\/uploads\/2021\/02\/Wybrane-16-768x576.jpg 768w, https:\/\/met-pro2.pl\/wp-content\/uploads\/2021\/02\/Wybrane-16-1536x1152.jpg 1536w, https:\/\/met-pro2.pl\/wp-content\/uploads\/2021\/02\/Wybrane-16-16x12.jpg 16w, https:\/\/met-pro2.pl\/wp-content\/uploads\/2021\/02\/Wybrane-16.jpg 2000w\" sizes=\"(max-width: 1024px) 100vw, 1024px\" \/>\t\t\t\t\t\t\t\t\t\t\t\t\t\t\t<\/div>\n\t\t\t\t<\/div>\n\t\t\t\t\t<\/div>\n\t\t<\/div>\n\t\t\t\t\t\t\t<\/div>\n\t\t<\/section>\n\t\t\t\t<div class=\"elementor-element elementor-element-9180123 elementor-widget elementor-widget-spacer\" data-id=\"9180123\" data-element_type=\"widget\" data-widget_type=\"spacer.default\">\n\t\t\t\t<div class=\"elementor-widget-container\">\n\t\t\t\t\t<div class=\"elementor-spacer\">\n\t\t\t<div class=\"elementor-spacer-inner\"><\/div>\n\t\t<\/div>\n\t\t\t\t<\/div>\n\t\t\t\t<\/div>\n\t\t\t\t<div class=\"elementor-element elementor-element-eabe755 elementor-tablet-align-center elementor-align-center elementor-widget elementor-widget-button\" data-id=\"eabe755\" data-element_type=\"widget\" data-widget_type=\"button.default\">\n\t\t\t\t<div class=\"elementor-widget-container\">\n\t\t\t\t\t<div class=\"elementor-button-wrapper\">\n\t\t\t<a href=\"https:\/\/met-pro2.pl\/en\/kontakt\/\" class=\"elementor-button-link elementor-button elementor-size-md elementor-animation-rotate\" role=\"button\">\n\t\t\t\t\t\t<span class=\"elementor-button-content-wrapper\">\n\t\t\t\t\t\t<span class=\"elementor-button-text\">Join us<\/span>\n\t\t<\/span>\n\t\t\t\t\t<\/a>\n\t\t<\/div>\n\t\t\t\t<\/div>\n\t\t\t\t<\/div>\n\t\t\t\t<div class=\"elementor-element elementor-element-9ef556a elementor-widget elementor-widget-spacer\" data-id=\"9ef556a\" data-element_type=\"widget\" data-widget_type=\"spacer.default\">\n\t\t\t\t<div class=\"elementor-widget-container\">\n\t\t\t\t\t<div class=\"elementor-spacer\">\n\t\t\t<div class=\"elementor-spacer-inner\"><\/div>\n\t\t<\/div>\n\t\t\t\t<\/div>\n\t\t\t\t<\/div>\n\t\t\t\t\t<\/div>\n\t\t<\/div>\n\t\t\t\t\t\t\t<\/div>\n\t\t<\/section>\n\t\t\t\t\t\t<\/div>\n\t\t\t\t\t<\/div>","protected":false},"excerpt":{"rendered":"<p>Operator \/ operatorka obrabiarek sterowanych numerycznie CNC Zadania Obs\u0142uga maszyn produkcyjnych takich jak \u2013 tokarki CNC, frezarki CNC Wykonywanie powierzonych obowi\u0105zk\u00f3w zgodnie ze standardami jako\u015bci zak\u0142adu; Uczestnictwo w procesie konserwacji maszyn i urz\u0105dze\u0144 produkcyjnych; Minimalizowanie strat produkt\u00f3w; Optymalizacja proces\u00f3w produkcyjnych. Wymagania Co najmniej 5\u2013letnie do\u015bwiadczenie w obs\u0142udze maszyn produkcyjnych, preferowane centrum frezerskie i\/lub automat tokarski [&hellip;]<\/p>","protected":false},"author":1,"featured_media":0,"parent":0,"menu_order":0,"comment_status":"closed","ping_status":"closed","template":"","meta":[],"_links":{"self":[{"href":"https:\/\/met-pro2.pl\/en\/wp-json\/wp\/v2\/pages\/1779"}],"collection":[{"href":"https:\/\/met-pro2.pl\/en\/wp-json\/wp\/v2\/pages"}],"about":[{"href":"https:\/\/met-pro2.pl\/en\/wp-json\/wp\/v2\/types\/page"}],"author":[{"embeddable":true,"href":"https:\/\/met-pro2.pl\/en\/wp-json\/wp\/v2\/users\/1"}],"replies":[{"embeddable":true,"href":"https:\/\/met-pro2.pl\/en\/wp-json\/wp\/v2\/comments?post=1779"}],"version-history":[{"count":35,"href":"https:\/\/met-pro2.pl\/en\/wp-json\/wp\/v2\/pages\/1779\/revisions"}],"predecessor-version":[{"id":2184,"href":"https:\/\/met-pro2.pl\/en\/wp-json\/wp\/v2\/pages\/1779\/revisions\/2184"}],"wp:attachment":[{"href":"https:\/\/met-pro2.pl\/en\/wp-json\/wp\/v2\/media?parent=1779"}],"curies":[{"name":"wp","href":"https:\/\/api.w.org\/{rel}","templated":true}]}}