{"id":1104,"date":"2021-02-07T23:51:20","date_gmt":"2021-02-07T22:51:20","guid":{"rendered":"https:\/\/met-pro2.pl\/?page_id=1104"},"modified":"2025-08-20T22:03:58","modified_gmt":"2025-08-20T20:03:58","slug":"jakosc","status":"publish","type":"page","link":"https:\/\/met-pro2.pl\/en\/jakosc\/","title":{"rendered":"Quality"},"content":{"rendered":"<div data-elementor-type=\"wp-page\" data-elementor-id=\"1104\" class=\"elementor elementor-1104\" data-elementor-settings=\"[]\">\n\t\t\t\t\t\t\t<div class=\"elementor-section-wrap\">\n\t\t\t\t\t\t\t<section class=\"elementor-section elementor-top-section elementor-element elementor-element-fb42f53 elementor-section-height-min-height elementor-section-items-top elementor-section-boxed elementor-section-height-default\" data-id=\"fb42f53\" data-element_type=\"section\" data-settings=\"{&quot;shape_divider_bottom&quot;:&quot;triangle-asymmetrical&quot;,&quot;shape_divider_bottom_negative&quot;:&quot;yes&quot;}\">\n\t\t\t\t\t<div class=\"elementor-shape elementor-shape-bottom\" data-negative=\"true\">\n\t\t\t<svg xmlns=\"http:\/\/www.w3.org\/2000\/svg\" viewbox=\"0 0 1000 100\" preserveaspectratio=\"none\">\n\t<path class=\"elementor-shape-fill\" d=\"M737.9,94.7L0,0v100h1000V0L737.9,94.7z\"\/>\n<\/svg>\t\t<\/div>\n\t\t\t\t\t<div class=\"elementor-container elementor-column-gap-default\">\n\t\t\t\t\t<div class=\"elementor-column elementor-col-100 elementor-top-column elementor-element elementor-element-03216c3\" data-id=\"03216c3\" data-element_type=\"column\">\n\t\t\t<div class=\"elementor-widget-wrap elementor-element-populated\">\n\t\t\t\t\t\t\t\t<div class=\"elementor-element elementor-element-0c0a43e elementor-widget elementor-widget-spacer\" data-id=\"0c0a43e\" data-element_type=\"widget\" data-widget_type=\"spacer.default\">\n\t\t\t\t<div class=\"elementor-widget-container\">\n\t\t\t\t\t<div class=\"elementor-spacer\">\n\t\t\t<div class=\"elementor-spacer-inner\"><\/div>\n\t\t<\/div>\n\t\t\t\t<\/div>\n\t\t\t\t<\/div>\n\t\t\t\t<section class=\"elementor-section elementor-inner-section elementor-element elementor-element-6589d0d elementor-section-full_width elementor-section-content-middle elementor-section-height-default elementor-section-height-default\" data-id=\"6589d0d\" data-element_type=\"section\">\n\t\t\t\t\t\t<div class=\"elementor-container elementor-column-gap-no\">\n\t\t\t\t\t<div class=\"elementor-column elementor-col-50 elementor-inner-column elementor-element elementor-element-1326baf\" data-id=\"1326baf\" data-element_type=\"column\">\n\t\t\t<div class=\"elementor-widget-wrap elementor-element-populated\">\n\t\t\t\t\t\t\t\t<div class=\"elementor-element elementor-element-caf17f7 elementor-widget elementor-widget-heading\" data-id=\"caf17f7\" data-element_type=\"widget\" data-widget_type=\"heading.default\">\n\t\t\t\t<div class=\"elementor-widget-container\">\n\t\t\t<h2 class=\"elementor-heading-title elementor-size-default\">Quality<\/h2>\t\t<\/div>\n\t\t\t\t<\/div>\n\t\t\t\t<div class=\"elementor-element elementor-element-9a1ea08 elementor-widget elementor-widget-text-editor\" data-id=\"9a1ea08\" data-element_type=\"widget\" data-widget_type=\"text-editor.default\">\n\t\t\t\t<div class=\"elementor-widget-container\">\n\t\t\t\t\t\t\t\t<p>MET-PRO 2 places great emphasis on the quality of its services, which is why, from the very beginning of its operation, it has been successively investing in advanced, branded measuring equipment.<\/p><p>We have, among others:<\/p><ul><li>3D Coordinate Measuring Machine \u2013 ETALON Derby 454<\/li><li>Swift-Duo Measuring Microscope<\/li><li>1200\u00d7800 granite slab class 0 accuracy<\/li><li>Mitutoyo CV-2100 Contourograph<\/li><li>Mitutoyo QM-Height altimeter, max. limit error 2.4\u00b5m + 3.5\u00b5m*L\/1000<\/li><li>set of digital micrometers Mitutoyo error limit 3 \u00b5m<\/li><li>set of Mitutoyo dial indicators with accuracy of 0.001mm<\/li><li>and other necessary means of measurement such as gauge blocks, piston gauges, thread gauges, dial indicators, etc.<\/li><\/ul><p>We have obtained quality certification in accordance with <strong>ISO 9001:2015<\/strong><\/p>\t\t\t\t\t\t<\/div>\n\t\t\t\t<\/div>\n\t\t\t\t\t<\/div>\n\t\t<\/div>\n\t\t\t\t<div class=\"elementor-column elementor-col-25 elementor-inner-column elementor-element elementor-element-a996eff\" data-id=\"a996eff\" data-element_type=\"column\">\n\t\t\t<div class=\"elementor-widget-wrap elementor-element-populated\">\n\t\t\t\t\t\t\t\t<div class=\"elementor-element elementor-element-83437fa elementor-widget elementor-widget-image\" data-id=\"83437fa\" data-element_type=\"widget\" data-widget_type=\"image.default\">\n\t\t\t\t<div class=\"elementor-widget-container\">\n\t\t\t\t\t\t\t\t\t\t\t\t\t\t\t\t<a href=\"https:\/\/met-pro2.pl\/wp-content\/uploads\/2025\/08\/Certyfikat-IQNET.jpg\" data-elementor-open-lightbox=\"no\">\n\t\t\t\t\t\t\t<img width=\"724\" height=\"1024\" src=\"https:\/\/met-pro2.pl\/wp-content\/uploads\/2025\/08\/Certyfikat-IQNET.jpg\" class=\"attachment-full size-full\" alt=\"\" decoding=\"async\" loading=\"lazy\" srcset=\"https:\/\/met-pro2.pl\/wp-content\/uploads\/2025\/08\/Certyfikat-IQNET.jpg 724w, https:\/\/met-pro2.pl\/wp-content\/uploads\/2025\/08\/Certyfikat-IQNET-212x300.jpg 212w, https:\/\/met-pro2.pl\/wp-content\/uploads\/2025\/08\/Certyfikat-IQNET-8x12.jpg 8w\" sizes=\"(max-width: 724px) 100vw, 724px\" \/>\t\t\t\t\t\t\t\t<\/a>\n\t\t\t\t\t\t\t\t\t\t\t\t\t\t\t<\/div>\n\t\t\t\t<\/div>\n\t\t\t\t\t<\/div>\n\t\t<\/div>\n\t\t\t\t<div class=\"elementor-column elementor-col-25 elementor-inner-column elementor-element elementor-element-d864173\" data-id=\"d864173\" data-element_type=\"column\">\n\t\t\t<div class=\"elementor-widget-wrap elementor-element-populated\">\n\t\t\t\t\t\t\t\t<div class=\"elementor-element elementor-element-34a7ba7 elementor-widget elementor-widget-image\" data-id=\"34a7ba7\" data-element_type=\"widget\" data-widget_type=\"image.default\">\n\t\t\t\t<div class=\"elementor-widget-container\">\n\t\t\t\t\t\t\t\t\t\t\t\t\t\t\t\t<a href=\"https:\/\/met-pro2.pl\/wp-content\/uploads\/2025\/08\/Certyfikat-systemu-ISO-9001-MET-PRO-2.jpg\" data-elementor-open-lightbox=\"no\">\n\t\t\t\t\t\t\t<img width=\"724\" height=\"1024\" src=\"https:\/\/met-pro2.pl\/wp-content\/uploads\/2025\/08\/Certyfikat-systemu-ISO-9001-MET-PRO-2.jpg\" class=\"attachment-full size-full\" alt=\"\" decoding=\"async\" loading=\"lazy\" srcset=\"https:\/\/met-pro2.pl\/wp-content\/uploads\/2025\/08\/Certyfikat-systemu-ISO-9001-MET-PRO-2.jpg 724w, https:\/\/met-pro2.pl\/wp-content\/uploads\/2025\/08\/Certyfikat-systemu-ISO-9001-MET-PRO-2-212x300.jpg 212w, https:\/\/met-pro2.pl\/wp-content\/uploads\/2025\/08\/Certyfikat-systemu-ISO-9001-MET-PRO-2-8x12.jpg 8w\" sizes=\"(max-width: 724px) 100vw, 724px\" \/>\t\t\t\t\t\t\t\t<\/a>\n\t\t\t\t\t\t\t\t\t\t\t\t\t\t\t<\/div>\n\t\t\t\t<\/div>\n\t\t\t\t\t<\/div>\n\t\t<\/div>\n\t\t\t\t\t\t\t<\/div>\n\t\t<\/section>\n\t\t\t\t<div class=\"elementor-element elementor-element-1958344 elementor-widget elementor-widget-spacer\" data-id=\"1958344\" data-element_type=\"widget\" data-widget_type=\"spacer.default\">\n\t\t\t\t<div class=\"elementor-widget-container\">\n\t\t\t\t\t<div class=\"elementor-spacer\">\n\t\t\t<div class=\"elementor-spacer-inner\"><\/div>\n\t\t<\/div>\n\t\t\t\t<\/div>\n\t\t\t\t<\/div>\n\t\t\t\t<div class=\"elementor-element elementor-element-73f13ab elementor-skin-coverflow elementor-arrows-yes elementor-pagination-type-bullets elementor-pagination-position-outside elementor-widget elementor-widget-media-carousel\" data-id=\"73f13ab\" data-element_type=\"widget\" data-settings=\"{&quot;skin&quot;:&quot;coverflow&quot;,&quot;slides_per_view&quot;:&quot;3&quot;,&quot;show_arrows&quot;:&quot;yes&quot;,&quot;pagination&quot;:&quot;bullets&quot;,&quot;speed&quot;:500,&quot;autoplay&quot;:&quot;yes&quot;,&quot;autoplay_speed&quot;:5000,&quot;loop&quot;:&quot;yes&quot;,&quot;pause_on_hover&quot;:&quot;yes&quot;,&quot;pause_on_interaction&quot;:&quot;yes&quot;,&quot;space_between&quot;:{&quot;unit&quot;:&quot;px&quot;,&quot;size&quot;:10,&quot;sizes&quot;:[]},&quot;space_between_tablet&quot;:{&quot;unit&quot;:&quot;px&quot;,&quot;size&quot;:10,&quot;sizes&quot;:[]},&quot;space_between_mobile&quot;:{&quot;unit&quot;:&quot;px&quot;,&quot;size&quot;:10,&quot;sizes&quot;:[]}}\" data-widget_type=\"media-carousel.default\">\n\t\t\t\t<div class=\"elementor-widget-container\">\n\t\t\t\t\t<div class=\"elementor-swiper\">\n\t\t\t<div class=\"elementor-main-swiper swiper-container\">\n\t\t\t\t<div class=\"swiper-wrapper\">\n\t\t\t\t\t\t\t\t\t\t\t<div class=\"swiper-slide\">\n\t\t\t\t\t\t\t<a href=\"https:\/\/met-pro2.pl\/wp-content\/uploads\/2025\/08\/Zrzut-ekranu-2025-08-20-160629.jpg\" data-elementor-open-lightbox=\"yes\" data-elementor-lightbox-slideshow=\"73f13ab\" data-elementor-lightbox-title=\"Zrzut ekranu 2025-08-20 160629\">\t\t<div class=\"elementor-carousel-image\" style=\"background-image: url(https:\/\/met-pro2.pl\/wp-content\/uploads\/2025\/08\/Zrzut-ekranu-2025-08-20-160629.jpg)\">\n\t\t\t\t\t<\/div>\n\t\t<\/a>\t\t\t\t\t\t<\/div>\n\t\t\t\t\t\t\t\t\t\t\t<div class=\"swiper-slide\">\n\t\t\t\t\t\t\t<a href=\"https:\/\/met-pro2.pl\/wp-content\/uploads\/2023\/03\/20230121_111718576_iOS-scaled.jpeg\" data-elementor-open-lightbox=\"yes\" data-elementor-lightbox-slideshow=\"73f13ab\" data-elementor-lightbox-title=\"20230121_111718576_iOS\">\t\t<div class=\"elementor-carousel-image\" style=\"background-image: url(https:\/\/met-pro2.pl\/wp-content\/uploads\/2023\/03\/20230121_111718576_iOS-scaled.jpeg)\">\n\t\t\t\t\t<\/div>\n\t\t<\/a>\t\t\t\t\t\t<\/div>\n\t\t\t\t\t\t\t\t\t\t\t<div class=\"swiper-slide\">\n\t\t\t\t\t\t\t<a href=\"https:\/\/met-pro2.pl\/wp-content\/uploads\/2021\/02\/Wybrane-9.jpg\" data-elementor-open-lightbox=\"yes\" data-elementor-lightbox-slideshow=\"73f13ab\" data-elementor-lightbox-title=\"Wybrane-9\">\t\t<div class=\"elementor-carousel-image\" style=\"background-image: url(https:\/\/met-pro2.pl\/wp-content\/uploads\/2021\/02\/Wybrane-9.jpg)\">\n\t\t\t\t\t<\/div>\n\t\t<\/a>\t\t\t\t\t\t<\/div>\n\t\t\t\t\t\t\t\t\t\t\t<div class=\"swiper-slide\">\n\t\t\t\t\t\t\t<a href=\"https:\/\/met-pro2.pl\/wp-content\/uploads\/2021\/02\/Wybrane-14.jpg\" data-elementor-open-lightbox=\"yes\" data-elementor-lightbox-slideshow=\"73f13ab\" data-elementor-lightbox-title=\"Wybrane-14\">\t\t<div class=\"elementor-carousel-image\" style=\"background-image: url(https:\/\/met-pro2.pl\/wp-content\/uploads\/2021\/02\/Wybrane-14.jpg)\">\n\t\t\t\t\t<\/div>\n\t\t<\/a>\t\t\t\t\t\t<\/div>\n\t\t\t\t\t\t\t\t\t\t\t<div class=\"swiper-slide\">\n\t\t\t\t\t\t\t<a href=\"https:\/\/met-pro2.pl\/wp-content\/uploads\/2021\/02\/Wybrane-12.jpg\" data-elementor-open-lightbox=\"yes\" data-elementor-lightbox-slideshow=\"73f13ab\" data-elementor-lightbox-title=\"Wybrane-12\">\t\t<div class=\"elementor-carousel-image\" style=\"background-image: url(https:\/\/met-pro2.pl\/wp-content\/uploads\/2021\/02\/Wybrane-12.jpg)\">\n\t\t\t\t\t<\/div>\n\t\t<\/a>\t\t\t\t\t\t<\/div>\n\t\t\t\t\t\t\t\t\t\t\t<div class=\"swiper-slide\">\n\t\t\t\t\t\t\t<a href=\"https:\/\/met-pro2.pl\/wp-content\/uploads\/2021\/02\/Wybrane-10.jpg\" data-elementor-open-lightbox=\"yes\" data-elementor-lightbox-slideshow=\"73f13ab\" data-elementor-lightbox-title=\"Wybrane-10\">\t\t<div class=\"elementor-carousel-image\" style=\"background-image: url(https:\/\/met-pro2.pl\/wp-content\/uploads\/2021\/02\/Wybrane-10.jpg)\">\n\t\t\t\t\t<\/div>\n\t\t<\/a>\t\t\t\t\t\t<\/div>\n\t\t\t\t\t\t\t\t\t\t\t<div class=\"swiper-slide\">\n\t\t\t\t\t\t\t<a href=\"https:\/\/met-pro2.pl\/wp-content\/uploads\/2021\/02\/Wybrane-8.jpg\" data-elementor-open-lightbox=\"yes\" data-elementor-lightbox-slideshow=\"73f13ab\" data-elementor-lightbox-title=\"Wybrane-8\">\t\t<div class=\"elementor-carousel-image\" style=\"background-image: url(https:\/\/met-pro2.pl\/wp-content\/uploads\/2021\/02\/Wybrane-8.jpg)\">\n\t\t\t\t\t<\/div>\n\t\t<\/a>\t\t\t\t\t\t<\/div>\n\t\t\t\t\t\t\t\t\t\t\t<div class=\"swiper-slide\">\n\t\t\t\t\t\t\t<a href=\"https:\/\/met-pro2.pl\/wp-content\/uploads\/2025\/08\/20250820_161607-scaled.jpg\" data-elementor-open-lightbox=\"yes\" data-elementor-lightbox-slideshow=\"73f13ab\" data-elementor-lightbox-title=\"20250820_161607\">\t\t<div class=\"elementor-carousel-image\" style=\"background-image: url(https:\/\/met-pro2.pl\/wp-content\/uploads\/2025\/08\/20250820_161607-scaled.jpg)\">\n\t\t\t\t\t<\/div>\n\t\t<\/a>\t\t\t\t\t\t<\/div>\n\t\t\t\t\t\t\t\t\t\t\t<div class=\"swiper-slide\">\n\t\t\t\t\t\t\t<a href=\"https:\/\/met-pro2.pl\/wp-content\/uploads\/2025\/08\/20250820_161501-scaled.jpg\" data-elementor-open-lightbox=\"yes\" data-elementor-lightbox-slideshow=\"73f13ab\" data-elementor-lightbox-title=\"20250820_161501\">\t\t<div class=\"elementor-carousel-image\" style=\"background-image: url(https:\/\/met-pro2.pl\/wp-content\/uploads\/2025\/08\/20250820_161501-scaled.jpg)\">\n\t\t\t\t\t<\/div>\n\t\t<\/a>\t\t\t\t\t\t<\/div>\n\t\t\t\t\t\t\t\t\t<\/div>\n\t\t\t\t\t\t\t\t\t\t\t\t\t\t\t<div class=\"swiper-pagination\"><\/div>\n\t\t\t\t\t\t\t\t\t\t\t\t\t\t\t\t<div class=\"elementor-swiper-button elementor-swiper-button-prev\">\n\t\t\t\t\t\t\t<i class=\"eicon-chevron-left\" aria-hidden=\"true\"><\/i>\n\t\t\t\t\t\t\t<span class=\"elementor-screen-only\">Previous<\/span>\n\t\t\t\t\t\t<\/div>\n\t\t\t\t\t\t<div class=\"elementor-swiper-button elementor-swiper-button-next\">\n\t\t\t\t\t\t\t<i class=\"eicon-chevron-right\" aria-hidden=\"true\"><\/i>\n\t\t\t\t\t\t\t<span class=\"elementor-screen-only\">Next<\/span>\n\t\t\t\t\t\t<\/div>\n\t\t\t\t\t\t\t\t\t\t\t\t<\/div>\n\t\t<\/div>\n\t\t\t\t<\/div>\n\t\t\t\t<\/div>\n\t\t\t\t<div class=\"elementor-element elementor-element-882d7a3 elementor-tablet-align-center elementor-align-center elementor-widget elementor-widget-button\" data-id=\"882d7a3\" data-element_type=\"widget\" data-widget_type=\"button.default\">\n\t\t\t\t<div class=\"elementor-widget-container\">\n\t\t\t\t\t<div class=\"elementor-button-wrapper\">\n\t\t\t<a href=\"https:\/\/met-pro2.pl\/en\/kontakt\/\" class=\"elementor-button-link elementor-button elementor-size-md elementor-animation-rotate\" role=\"button\">\n\t\t\t\t\t\t<span class=\"elementor-button-content-wrapper\">\n\t\t\t\t\t\t<span class=\"elementor-button-text\">Submit an offer<\/span>\n\t\t<\/span>\n\t\t\t\t\t<\/a>\n\t\t<\/div>\n\t\t\t\t<\/div>\n\t\t\t\t<\/div>\n\t\t\t\t<div class=\"elementor-element elementor-element-9d5c8fd elementor-widget elementor-widget-spacer\" data-id=\"9d5c8fd\" data-element_type=\"widget\" data-widget_type=\"spacer.default\">\n\t\t\t\t<div class=\"elementor-widget-container\">\n\t\t\t\t\t<div class=\"elementor-spacer\">\n\t\t\t<div class=\"elementor-spacer-inner\"><\/div>\n\t\t<\/div>\n\t\t\t\t<\/div>\n\t\t\t\t<\/div>\n\t\t\t\t\t<\/div>\n\t\t<\/div>\n\t\t\t\t\t\t\t<\/div>\n\t\t<\/section>\n\t\t\t\t<section class=\"elementor-section elementor-top-section elementor-element elementor-element-90d22d0 elementor-section-boxed elementor-section-height-default elementor-section-height-default\" data-id=\"90d22d0\" data-element_type=\"section\">\n\t\t\t\t\t\t<div class=\"elementor-container elementor-column-gap-default\">\n\t\t\t\t\t<div class=\"elementor-column elementor-col-100 elementor-top-column elementor-element elementor-element-e07dc08\" data-id=\"e07dc08\" data-element_type=\"column\">\n\t\t\t<div class=\"elementor-widget-wrap\">\n\t\t\t\t\t\t\t\t\t<\/div>\n\t\t<\/div>\n\t\t\t\t\t\t\t<\/div>\n\t\t<\/section>\n\t\t\t\t\t\t<\/div>\n\t\t\t\t\t<\/div>","protected":false},"excerpt":{"rendered":"<p>jako\u015b\u0107 MET-PRO 2 k\u0142adzie bardzo du\u017cy nacisk na jako\u015b\u0107 \u015bwiadczonych us\u0142ug, dlatego, sukcesywnie, od samego pocz\u0105tku dzia\u0142alno\u015bci, inwestuje w zaawansowane, markowe \u015brodki pomiarowe. Dysponujemy mi\u0119dzy innymi: Wsp\u00f3\u0142rz\u0119dno\u015bciowa maszyna pomiarowa 3D &#8211; ETALON Derby 454 Mikroskop pomiarowy Swift-Duo p\u0142yta granitowa 1200&#215;800 klasa dok\u0142adno\u015bci 0 Konturograf Mitutoyo CV-2100 wysoko\u015bciomierz Mitutoyo QM-Height, max b\u0142\u0105d graniczny 2,4\u00b5m + 3,5\u00b5m*L\/1000 [&hellip;]<\/p>","protected":false},"author":1,"featured_media":0,"parent":0,"menu_order":0,"comment_status":"closed","ping_status":"closed","template":"","meta":[],"_links":{"self":[{"href":"https:\/\/met-pro2.pl\/en\/wp-json\/wp\/v2\/pages\/1104"}],"collection":[{"href":"https:\/\/met-pro2.pl\/en\/wp-json\/wp\/v2\/pages"}],"about":[{"href":"https:\/\/met-pro2.pl\/en\/wp-json\/wp\/v2\/types\/page"}],"author":[{"embeddable":true,"href":"https:\/\/met-pro2.pl\/en\/wp-json\/wp\/v2\/users\/1"}],"replies":[{"embeddable":true,"href":"https:\/\/met-pro2.pl\/en\/wp-json\/wp\/v2\/comments?post=1104"}],"version-history":[{"count":73,"href":"https:\/\/met-pro2.pl\/en\/wp-json\/wp\/v2\/pages\/1104\/revisions"}],"predecessor-version":[{"id":2133,"href":"https:\/\/met-pro2.pl\/en\/wp-json\/wp\/v2\/pages\/1104\/revisions\/2133"}],"wp:attachment":[{"href":"https:\/\/met-pro2.pl\/en\/wp-json\/wp\/v2\/media?parent=1104"}],"curies":[{"name":"wp","href":"https:\/\/api.w.org\/{rel}","templated":true}]}}