{"id":11,"date":"2021-02-04T11:15:15","date_gmt":"2021-02-04T10:15:15","guid":{"rendered":"https:\/\/met-pro2.pl\/?page_id=11"},"modified":"2021-04-01T13:08:24","modified_gmt":"2021-04-01T11:08:24","slug":"o-firmie","status":"publish","type":"page","link":"https:\/\/met-pro2.pl\/en\/o-firmie\/","title":{"rendered":"About us"},"content":{"rendered":"<div data-elementor-type=\"wp-page\" data-elementor-id=\"11\" class=\"elementor elementor-11\" data-elementor-settings=\"[]\">\n\t\t\t\t\t\t\t<div class=\"elementor-section-wrap\">\n\t\t\t\t\t\t\t<section class=\"elementor-section elementor-top-section elementor-element elementor-element-0e3e462 elementor-section-height-min-height elementor-section-items-top elementor-section-boxed elementor-section-height-default\" data-id=\"0e3e462\" data-element_type=\"section\" data-settings=\"{&quot;shape_divider_bottom&quot;:&quot;triangle-asymmetrical&quot;,&quot;shape_divider_bottom_negative&quot;:&quot;yes&quot;}\">\n\t\t\t\t\t<div class=\"elementor-shape elementor-shape-bottom\" data-negative=\"true\">\n\t\t\t<svg xmlns=\"http:\/\/www.w3.org\/2000\/svg\" viewbox=\"0 0 1000 100\" preserveaspectratio=\"none\">\n\t<path class=\"elementor-shape-fill\" d=\"M737.9,94.7L0,0v100h1000V0L737.9,94.7z\"\/>\n<\/svg>\t\t<\/div>\n\t\t\t\t\t<div class=\"elementor-container elementor-column-gap-default\">\n\t\t\t\t\t<div class=\"elementor-column elementor-col-100 elementor-top-column elementor-element elementor-element-b82c3eb\" data-id=\"b82c3eb\" data-element_type=\"column\">\n\t\t\t<div class=\"elementor-widget-wrap elementor-element-populated\">\n\t\t\t\t\t\t\t\t<section class=\"elementor-section elementor-inner-section elementor-element elementor-element-56c0969 elementor-section-full_width elementor-section-height-default elementor-section-height-default\" data-id=\"56c0969\" data-element_type=\"section\">\n\t\t\t\t\t\t<div class=\"elementor-container elementor-column-gap-default\">\n\t\t\t\t\t<div class=\"elementor-column elementor-col-50 elementor-inner-column elementor-element elementor-element-f0256e4\" data-id=\"f0256e4\" data-element_type=\"column\">\n\t\t\t<div class=\"elementor-widget-wrap elementor-element-populated\">\n\t\t\t\t\t\t\t\t<div class=\"elementor-element elementor-element-e49dec2 elementor-widget elementor-widget-text-editor\" data-id=\"e49dec2\" data-element_type=\"widget\" data-widget_type=\"text-editor.default\">\n\t\t\t\t<div class=\"elementor-widget-container\">\n\t\t\t\t\t\t\t\t<p class=\" translation-block\"><B>MET-PRO 2<\/B> is a young, but very <B>dynamically developing organisation<\/B>, providing services in the field of <B>CNC machining<\/B>.<\/p><p class=\" translation-block\">We specialise in <B>turning and milling<\/B> parts from <B>steel, cast iron, stainless steel, aluminium alloys, non-ferrous metals<\/B> and <B>plastics<\/B>.<\/p><p class=\" translation-block\">Moreover, based on our <B>proven partners<\/B>, we can comprehensively fulfil orders that require <B>heat, plastic or surface treatment<\/B>.<\/p><p class=\" translation-block\">The core of our staff is composed of very <B>experienced professionals<\/B> with <B>extensive knowledge, many years of practice<\/B> and a <B>high level of technical culture<\/B>. Our employees are the most important and the most <B>valuable capital<\/B> of the company.<\/p><p class=\" translation-block\"><B>MET-PRO 2<\/B> places great emphasis on the <B>quality of its services, timeliness and customer satisfaction<\/B>. That is why we successively invest in <B>advanced measuring instruments<\/B>, implement the <B>ISO 9001-2015<\/B> quality assurance system, use <B>modern machining tools<\/B> and precise and fast <B>LANG fasteners<\/B>.<\/p><p class=\" translation-block\">The machine park is based on very successful and proven constructions of brands such as <B>GILDEMAISTER<\/B> or <B>CINCINNATI Milacron<\/B>. When choosing the machine tools, we were guided by the fact that they are <B>technically advanced machines<\/B> (driven tools in lathes, multi-axis machining centres) but also <B>strong, rigid and precise<\/B>.<\/p><p><strong><B>WE INVITE YOU TO COOPERATION!<\/strong><\/p>\t\t\t\t\t\t<\/div>\n\t\t\t\t<\/div>\n\t\t\t\t\t<\/div>\n\t\t<\/div>\n\t\t\t\t<div class=\"elementor-column elementor-col-50 elementor-inner-column elementor-element elementor-element-371dcf2 elementor-hidden-tablet\" data-id=\"371dcf2\" data-element_type=\"column\">\n\t\t\t<div class=\"elementor-widget-wrap elementor-element-populated\">\n\t\t\t\t\t\t\t\t<div class=\"elementor-element elementor-element-9b7e2dd elementor--h-position-center elementor--v-position-middle elementor-arrows-position-inside elementor-pagination-position-inside elementor-widget elementor-widget-slides\" data-id=\"9b7e2dd\" data-element_type=\"widget\" data-settings=\"{&quot;navigation&quot;:&quot;both&quot;,&quot;autoplay&quot;:&quot;yes&quot;,&quot;pause_on_hover&quot;:&quot;yes&quot;,&quot;pause_on_interaction&quot;:&quot;yes&quot;,&quot;autoplay_speed&quot;:5000,&quot;infinite&quot;:&quot;yes&quot;,&quot;transition&quot;:&quot;slide&quot;,&quot;transition_speed&quot;:500}\" data-widget_type=\"slides.default\">\n\t\t\t\t<div class=\"elementor-widget-container\">\n\t\t\t\t\t<div class=\"elementor-swiper\">\n\t\t\t<div class=\"elementor-slides-wrapper elementor-main-swiper swiper-container\" dir=\"ltr\" data-animation=\"fadeInUp\">\n\t\t\t\t<div class=\"swiper-wrapper elementor-slides\">\n\t\t\t\t\t<div class=\"elementor-repeater-item-a9a0091 swiper-slide\"><div class=\"swiper-slide-bg elementor-ken-burns elementor-ken-burns--out\"><\/div><div class=\"elementor-background-overlay\"><\/div><a class=\"swiper-slide-inner\" href=\"https:\/\/met-pro2.pl\/en\/frezowanie\/\"><div class=\"swiper-slide-contents\"><div class=\"elementor-slide-heading\">Milling<\/div><\/div><\/a><\/div><div class=\"elementor-repeater-item-df0ace9 swiper-slide\"><div class=\"swiper-slide-bg elementor-ken-burns elementor-ken-burns--out\"><\/div><div class=\"elementor-background-overlay\"><\/div><a class=\"swiper-slide-inner\" href=\"https:\/\/met-pro2.pl\/en\/toczenie\/\"><div class=\"swiper-slide-contents\"><div class=\"elementor-slide-heading\">Turning<\/div><\/div><\/a><\/div><div class=\"elementor-repeater-item-95aaf06 swiper-slide\"><div class=\"swiper-slide-bg elementor-ken-burns elementor-ken-burns--out\"><\/div><div class=\"elementor-background-overlay\"><\/div><a class=\"swiper-slide-inner\" href=\"https:\/\/met-pro2.pl\/en\/jakosc\/\"><div class=\"swiper-slide-contents\"><div class=\"elementor-slide-heading\">Quality<\/div><\/div><\/a><\/div>\t\t\t\t<\/div>\n\t\t\t\t\t\t\t\t\t\t\t\t\t\t\t<div class=\"swiper-pagination\"><\/div>\n\t\t\t\t\t\t\t\t\t\t\t\t\t\t\t\t<div class=\"elementor-swiper-button elementor-swiper-button-prev\">\n\t\t\t\t\t\t\t<i class=\"eicon-chevron-left\" aria-hidden=\"true\"><\/i>\n\t\t\t\t\t\t\t<span class=\"elementor-screen-only\">Previous<\/span>\n\t\t\t\t\t\t<\/div>\n\t\t\t\t\t\t<div class=\"elementor-swiper-button elementor-swiper-button-next\">\n\t\t\t\t\t\t\t<i class=\"eicon-chevron-right\" aria-hidden=\"true\"><\/i>\n\t\t\t\t\t\t\t<span class=\"elementor-screen-only\">Next<\/span>\n\t\t\t\t\t\t<\/div>\n\t\t\t\t\t\t\t\t\t\t\t\t<\/div>\n\t\t<\/div>\n\t\t\t\t<\/div>\n\t\t\t\t<\/div>\n\t\t\t\t\t<\/div>\n\t\t<\/div>\n\t\t\t\t\t\t\t<\/div>\n\t\t<\/section>\n\t\t\t\t<div class=\"elementor-element elementor-element-15d7deb elementor-tablet-align-center elementor-align-center elementor-widget elementor-widget-button\" data-id=\"15d7deb\" data-element_type=\"widget\" data-widget_type=\"button.default\">\n\t\t\t\t<div class=\"elementor-widget-container\">\n\t\t\t\t\t<div class=\"elementor-button-wrapper\">\n\t\t\t<a href=\"https:\/\/met-pro2.pl\/en\/kontakt\/\" class=\"elementor-button-link elementor-button elementor-size-md elementor-animation-rotate\" role=\"button\">\n\t\t\t\t\t\t<span class=\"elementor-button-content-wrapper\">\n\t\t\t\t\t\t<span class=\"elementor-button-text\">Contact with us<\/span>\n\t\t<\/span>\n\t\t\t\t\t<\/a>\n\t\t<\/div>\n\t\t\t\t<\/div>\n\t\t\t\t<\/div>\n\t\t\t\t<div class=\"elementor-element elementor-element-d4bb3fa elementor-widget elementor-widget-spacer\" data-id=\"d4bb3fa\" data-element_type=\"widget\" data-widget_type=\"spacer.default\">\n\t\t\t\t<div class=\"elementor-widget-container\">\n\t\t\t\t\t<div class=\"elementor-spacer\">\n\t\t\t<div class=\"elementor-spacer-inner\"><\/div>\n\t\t<\/div>\n\t\t\t\t<\/div>\n\t\t\t\t<\/div>\n\t\t\t\t\t<\/div>\n\t\t<\/div>\n\t\t\t\t\t\t\t<\/div>\n\t\t<\/section>\n\t\t\t\t<section class=\"elementor-section elementor-top-section elementor-element elementor-element-3cc013e elementor-section-boxed elementor-section-height-default elementor-section-height-default\" data-id=\"3cc013e\" data-element_type=\"section\">\n\t\t\t\t\t\t<div class=\"elementor-container elementor-column-gap-default\">\n\t\t\t\t\t\t\t\t<\/div>\n\t\t<\/section>\n\t\t\t\t\t\t<\/div>\n\t\t\t\t\t<\/div>","protected":false},"excerpt":{"rendered":"<p>Firma MET-PRO 2 jest m\u0142od\u0105, ale bardzo dynamicznie rozwijaj\u0105c\u0105 si\u0119 organizacj\u0105, \u015bwiadcz\u0105c\u0105 us\u0142ugi z zakresu obr\u00f3bki skrawaniem CNC. Specjalizujemy si\u0119 w toczeniu i frezowaniu cz\u0119\u015bci ze stali, \u017celiwa, stali nierdzewnej, stop\u00f3w aluminium, metali kolorowych oraz tworzyw sztucznych. Ponadto, w oparciu o naszych sprawdzonych kooperant\u00f3w, mo\u017cemy kompleksowo wykonywa\u0107 zam\u00f3wienia, kt\u00f3re wymagaj\u0105 obr\u00f3bki cieplnej, plastycznej lub powierzchniowej. [&hellip;]<\/p>","protected":false},"author":1,"featured_media":0,"parent":0,"menu_order":0,"comment_status":"closed","ping_status":"closed","template":"","meta":[],"_links":{"self":[{"href":"https:\/\/met-pro2.pl\/en\/wp-json\/wp\/v2\/pages\/11"}],"collection":[{"href":"https:\/\/met-pro2.pl\/en\/wp-json\/wp\/v2\/pages"}],"about":[{"href":"https:\/\/met-pro2.pl\/en\/wp-json\/wp\/v2\/types\/page"}],"author":[{"embeddable":true,"href":"https:\/\/met-pro2.pl\/en\/wp-json\/wp\/v2\/users\/1"}],"replies":[{"embeddable":true,"href":"https:\/\/met-pro2.pl\/en\/wp-json\/wp\/v2\/comments?post=11"}],"version-history":[{"count":64,"href":"https:\/\/met-pro2.pl\/en\/wp-json\/wp\/v2\/pages\/11\/revisions"}],"predecessor-version":[{"id":2155,"href":"https:\/\/met-pro2.pl\/en\/wp-json\/wp\/v2\/pages\/11\/revisions\/2155"}],"wp:attachment":[{"href":"https:\/\/met-pro2.pl\/en\/wp-json\/wp\/v2\/media?parent=11"}],"curies":[{"name":"wp","href":"https:\/\/api.w.org\/{rel}","templated":true}]}}